{"id":414,"date":"2015-08-17T17:17:00","date_gmt":"2015-08-17T17:17:00","guid":{"rendered":"http:\/\/www.lagazza.ch\/?post_type=product&#038;p=414&#038;lang=de"},"modified":"2025-09-01T08:51:43","modified_gmt":"2025-09-01T06:51:43","slug":"condimento-al-peperoncino","status":"publish","type":"product","link":"https:\/\/www.lagazza.ch\/fr\/haendlershop\/olivenoele\/condimento-al-peperoncino\/","title":{"rendered":"Condimento al peperoncino"},"content":{"rendered":"<p>Toutes nos huiles d'olive sont de premi\u00e8re pression \u00e0 froid et ne sont produites qu'\u00e0 partir d'olives de premi\u00e8re qualit\u00e9 et de qualit\u00e9 irr\u00e9prochable. Les huiles proviennent de diff\u00e9rentes r\u00e9gions d'Italie et ont toutes des caract\u00e8res bien particuliers.<\/p>\n<p>Une huile d'olive extra vierge m\u00e9lang\u00e9e \u00e0 des piments frais. Piquante et aromatique, elle conf\u00e8re un certain \"pep\" \u00e0 de nombreux plats.<\/p>","protected":false},"excerpt":{"rendered":"<p><strong>Pr\u00e9paration \u00e0 base d'huile d'olive extra vierge aromatis\u00e9e au piment<\/strong><br \/>\nIngr\u00e9dients : Huile d'olive extra vierge, ar\u00f4me naturel de piment.<\/p>","protected":false},"featured_media":16000,"template":"","meta":[],"product_brand":[],"product_cat":[728],"product_tag":[],"class_list":{"0":"post-414","1":"product","2":"type-product","3":"status-publish","4":"has-post-thumbnail","6":"product_cat-olivenoele","7":"pa_ernaehrungsangaben-glutenfrei","8":"pa_ernaehrungsangaben-vegetarisch","9":"pa_ernaehrungsangaben-vegan","10":"pa_marke-cascina-san-giovanni","12":"first","13":"instock","14":"taxable","15":"shipping-taxable","16":"product-type-simple"},"_links":{"self":[{"href":"https:\/\/www.lagazza.ch\/fr\/wp-json\/wp\/v2\/product\/414","targetHints":{"allow":["GET"]}}],"collection":[{"href":"https:\/\/www.lagazza.ch\/fr\/wp-json\/wp\/v2\/product"}],"about":[{"href":"https:\/\/www.lagazza.ch\/fr\/wp-json\/wp\/v2\/types\/product"}],"wp:featuredmedia":[{"embeddable":true,"href":"https:\/\/www.lagazza.ch\/fr\/wp-json\/wp\/v2\/media\/16000"}],"wp:attachment":[{"href":"https:\/\/www.lagazza.ch\/fr\/wp-json\/wp\/v2\/media?parent=414"}],"wp:term":[{"taxonomy":"product_brand","embeddable":true,"href":"https:\/\/www.lagazza.ch\/fr\/wp-json\/wp\/v2\/product_brand?post=414"},{"taxonomy":"product_cat","embeddable":true,"href":"https:\/\/www.lagazza.ch\/fr\/wp-json\/wp\/v2\/product_cat?post=414"},{"taxonomy":"product_tag","embeddable":true,"href":"https:\/\/www.lagazza.ch\/fr\/wp-json\/wp\/v2\/product_tag?post=414"}],"curies":[{"name":"wp","href":"https:\/\/api.w.org\/{rel}","templated":true}]}}