{"id":413,"date":"2015-08-17T17:14:39","date_gmt":"2015-08-17T17:14:39","guid":{"rendered":"http:\/\/www.lagazza.ch\/?post_type=product&#038;p=413&#038;lang=de"},"modified":"2025-09-01T08:51:19","modified_gmt":"2025-09-01T06:51:19","slug":"condimento-a-base-di-olio-extravergine-di-oliva-aromatizzato-al-tartufo","status":"publish","type":"product","link":"https:\/\/www.lagazza.ch\/fr\/haendlershop\/olivenoele\/condimento-a-base-di-olio-extravergine-di-oliva-aromatizzato-al-tartufo\/","title":{"rendered":"Condiment \u00e0 base d'huile d'olive extra vierge aromatis\u00e9 \u00e0 la tartufo"},"content":{"rendered":"<p>Toutes nos huiles d'olive sont de premi\u00e8re pression \u00e0 froid et ne sont produites qu'\u00e0 partir d'olives de premi\u00e8re qualit\u00e9 et de qualit\u00e9 irr\u00e9prochable. Les huiles proviennent de diff\u00e9rentes r\u00e9gions d'Italie et ont toutes des caract\u00e8res bien particuliers.<\/p>\n<p>Pour ajouter une touche de luxe \u00e0 vos plats, nous avons cr\u00e9\u00e9 une huile d'olive extra vierge \u00e0 l'ar\u00f4me intense de truffe blanche. Utilis\u00e9e avec parcimonie, elle conf\u00e8re aux risotti, aux tagliatelles ou \u00e0 la viande crue des saveurs impressionnantes.<\/p>","protected":false},"excerpt":{"rendered":"<p><strong>Pr\u00e9paration \u00e0 base d'huile d'olive extra vierge aromatis\u00e9e \u00e0 la truffe<\/strong><br \/>\nIngr\u00e9dients : Huile d'olive extra vierge, ar\u00f4me de truffe.<\/p>","protected":false},"featured_media":16001,"template":"","meta":[],"product_brand":[],"product_cat":[728],"product_tag":[],"class_list":{"0":"post-413","1":"product","2":"type-product","3":"status-publish","4":"has-post-thumbnail","6":"product_cat-olivenoele","7":"pa_ernaehrungsangaben-glutenfrei","8":"pa_ernaehrungsangaben-vegetarisch","9":"pa_ernaehrungsangaben-vegan","10":"pa_marke-cascina-san-giovanni","12":"first","13":"instock","14":"taxable","15":"shipping-taxable","16":"product-type-simple"},"_links":{"self":[{"href":"https:\/\/www.lagazza.ch\/fr\/wp-json\/wp\/v2\/product\/413","targetHints":{"allow":["GET"]}}],"collection":[{"href":"https:\/\/www.lagazza.ch\/fr\/wp-json\/wp\/v2\/product"}],"about":[{"href":"https:\/\/www.lagazza.ch\/fr\/wp-json\/wp\/v2\/types\/product"}],"wp:featuredmedia":[{"embeddable":true,"href":"https:\/\/www.lagazza.ch\/fr\/wp-json\/wp\/v2\/media\/16001"}],"wp:attachment":[{"href":"https:\/\/www.lagazza.ch\/fr\/wp-json\/wp\/v2\/media?parent=413"}],"wp:term":[{"taxonomy":"product_brand","embeddable":true,"href":"https:\/\/www.lagazza.ch\/fr\/wp-json\/wp\/v2\/product_brand?post=413"},{"taxonomy":"product_cat","embeddable":true,"href":"https:\/\/www.lagazza.ch\/fr\/wp-json\/wp\/v2\/product_cat?post=413"},{"taxonomy":"product_tag","embeddable":true,"href":"https:\/\/www.lagazza.ch\/fr\/wp-json\/wp\/v2\/product_tag?post=413"}],"curies":[{"name":"wp","href":"https:\/\/api.w.org\/{rel}","templated":true}]}}