{"id":412,"date":"2015-08-17T17:11:50","date_gmt":"2015-08-17T17:11:50","guid":{"rendered":"http:\/\/www.lagazza.ch\/?post_type=product&#038;p=412&#038;lang=de"},"modified":"2025-09-01T08:48:42","modified_gmt":"2025-09-01T06:48:42","slug":"olio-extravergine-di-oliva-bottiglia-speciale-laura-250-csg","status":"publish","type":"product","link":"https:\/\/www.lagazza.ch\/fr\/haendlershop\/olivenoele\/olio-extravergine-di-oliva-bottiglia-speciale-laura-250-csg\/","title":{"rendered":"Olio extravergine di oliva - Bottiglia speciale Laura"},"content":{"rendered":"<p>Toutes nos huiles d'olive sont de premi\u00e8re pression \u00e0 froid et ne sont produites qu'\u00e0 partir d'olives de premi\u00e8re qualit\u00e9 et de qualit\u00e9 irr\u00e9prochable.<\/p>\n<p>Cette huile d'olive est un m\u00e9lange d'huiles d'olive provenant de l'Union europ\u00e9enne. De la meilleure qualit\u00e9, au go\u00fbt l\u00e9ger et digeste.<\/p>\n<p>Le bec verseur d\u00e9j\u00e0 int\u00e9gr\u00e9 garantit de verser sans goutter.<\/p>","protected":false},"excerpt":{"rendered":"<p><strong>Huile d'olive extra vierge<\/strong><br \/>\nExtraction \u00e0 froid, premi\u00e8re cat\u00e9gorie, obtenue directement \u00e0 partir d'olives, exclusivement par des proc\u00e9d\u00e9s m\u00e9caniques. M\u00e9lange d'huiles d'olive provenant de l'Union europ\u00e9enne.<\/p>","protected":false},"featured_media":16007,"template":"","meta":[],"product_brand":[],"product_cat":[728],"product_tag":[],"class_list":{"0":"post-412","1":"product","2":"type-product","3":"status-publish","4":"has-post-thumbnail","6":"product_cat-olivenoele","7":"pa_ernaehrungsangaben-glutenfrei","8":"pa_ernaehrungsangaben-vegetarisch","9":"pa_ernaehrungsangaben-vegan","10":"pa_marke-cascina-san-giovanni","12":"first","13":"instock","14":"taxable","15":"shipping-taxable","16":"product-type-simple"},"_links":{"self":[{"href":"https:\/\/www.lagazza.ch\/fr\/wp-json\/wp\/v2\/product\/412","targetHints":{"allow":["GET"]}}],"collection":[{"href":"https:\/\/www.lagazza.ch\/fr\/wp-json\/wp\/v2\/product"}],"about":[{"href":"https:\/\/www.lagazza.ch\/fr\/wp-json\/wp\/v2\/types\/product"}],"wp:featuredmedia":[{"embeddable":true,"href":"https:\/\/www.lagazza.ch\/fr\/wp-json\/wp\/v2\/media\/16007"}],"wp:attachment":[{"href":"https:\/\/www.lagazza.ch\/fr\/wp-json\/wp\/v2\/media?parent=412"}],"wp:term":[{"taxonomy":"product_brand","embeddable":true,"href":"https:\/\/www.lagazza.ch\/fr\/wp-json\/wp\/v2\/product_brand?post=412"},{"taxonomy":"product_cat","embeddable":true,"href":"https:\/\/www.lagazza.ch\/fr\/wp-json\/wp\/v2\/product_cat?post=412"},{"taxonomy":"product_tag","embeddable":true,"href":"https:\/\/www.lagazza.ch\/fr\/wp-json\/wp\/v2\/product_tag?post=412"}],"curies":[{"name":"wp","href":"https:\/\/api.w.org\/{rel}","templated":true}]}}