{"id":408,"date":"2015-08-17T17:01:39","date_gmt":"2015-08-17T17:01:39","guid":{"rendered":"http:\/\/www.lagazza.ch\/?post_type=product&#038;p=408&#038;lang=de"},"modified":"2025-01-16T09:55:24","modified_gmt":"2025-01-16T08:55:24","slug":"condimento-bianco-bottiglia-speciale-laura-250-csg","status":"publish","type":"product","link":"https:\/\/www.lagazza.ch\/fr\/haendlershop\/essige\/condimento-bianco-bottiglia-speciale-laura-250-csg\/","title":{"rendered":"Condimento bianco - Bottiglia speciale Laura"},"content":{"rendered":"<p>La combinaison de mo\u00fbts s\u00e9lectionn\u00e9s et de vinaigre de vin blanc fin donne naissance \u00e0 un vinaigre balsamique incolore \u00e0 l'acidit\u00e9 d\u00e9licate. Nos vinaigres ne sont pas pasteuris\u00e9s (traitement thermique), ce qui permet de conserver leur haute valeur nutritive. D'un go\u00fbt tr\u00e8s doux et fruit\u00e9, il convient bien \u00e0 toutes les salades.<\/p>\n<p>Un changement de couleur du Condimento bianco est naturel et n'a aucune influence sur la qualit\u00e9 !<\/p>","protected":false},"excerpt":{"rendered":"<p><strong>Pr\u00e9paration \u00e0 base de vinaigre de vin blanc et de mo\u00fbt de raisin<\/strong><br \/>\nIngr\u00e9dients : Vinaigre de vin blanc, mo\u00fbt de raisin concentr\u00e9.<\/p>","protected":false},"featured_media":17321,"template":"","meta":[],"product_brand":[],"product_cat":[656],"product_tag":[],"class_list":{"0":"post-408","1":"product","2":"type-product","3":"status-publish","4":"has-post-thumbnail","6":"product_cat-essige","7":"pa_ernaehrungsangaben-glutenfrei","8":"pa_ernaehrungsangaben-vegetarisch","9":"pa_ernaehrungsangaben-vegan","10":"pa_marke-cascina-san-giovanni","12":"first","13":"instock","14":"taxable","15":"shipping-taxable","16":"product-type-simple"},"_links":{"self":[{"href":"https:\/\/www.lagazza.ch\/fr\/wp-json\/wp\/v2\/product\/408","targetHints":{"allow":["GET"]}}],"collection":[{"href":"https:\/\/www.lagazza.ch\/fr\/wp-json\/wp\/v2\/product"}],"about":[{"href":"https:\/\/www.lagazza.ch\/fr\/wp-json\/wp\/v2\/types\/product"}],"wp:featuredmedia":[{"embeddable":true,"href":"https:\/\/www.lagazza.ch\/fr\/wp-json\/wp\/v2\/media\/17321"}],"wp:attachment":[{"href":"https:\/\/www.lagazza.ch\/fr\/wp-json\/wp\/v2\/media?parent=408"}],"wp:term":[{"taxonomy":"product_brand","embeddable":true,"href":"https:\/\/www.lagazza.ch\/fr\/wp-json\/wp\/v2\/product_brand?post=408"},{"taxonomy":"product_cat","embeddable":true,"href":"https:\/\/www.lagazza.ch\/fr\/wp-json\/wp\/v2\/product_cat?post=408"},{"taxonomy":"product_tag","embeddable":true,"href":"https:\/\/www.lagazza.ch\/fr\/wp-json\/wp\/v2\/product_tag?post=408"}],"curies":[{"name":"wp","href":"https:\/\/api.w.org\/{rel}","templated":true}]}}