{"id":403,"date":"2015-08-17T16:44:58","date_gmt":"2015-08-17T16:44:58","guid":{"rendered":"http:\/\/www.lagazza.ch\/?post_type=product&#038;p=403&#038;lang=de"},"modified":"2024-07-11T12:23:09","modified_gmt":"2024-07-11T12:23:09","slug":"aceto-balsamico-di-modena-igp-2-foglie-250-csg","status":"publish","type":"product","link":"https:\/\/www.lagazza.ch\/fr\/haendlershop\/essige\/aceto-balsamico-di-modena-igp-2-foglie-250-csg\/","title":{"rendered":"Aceto balsamico di Modena IGP, 2 foglie"},"content":{"rendered":"<p>Le secret de ce classique italien de Mod\u00e8ne r\u00e9side dans la pr\u00e9paration lente et d\u00e9licate du mo\u00fbt de raisin Trebbiano. La maturation minutieuse en f\u00fbts de ch\u00eane, de ch\u00e2taignier, de cerisier ou de m\u00fbrier porte ce vinaigre \u00e0 la perfection. Les recettes familiales jalousement gard\u00e9es, transmises de g\u00e9n\u00e9ration en g\u00e9n\u00e9ration, garantissent un produit d'une qualit\u00e9 et d'une distinction exceptionnelles. Nos vinaigres balsamiques ne sont pas pasteuris\u00e9s (traitement thermique), ce qui permet de pr\u00e9server leur haute valeur nutritive. Cascina San Giovanni propose 3 vinaigres balsamiques. Chaque qualit\u00e9 est l\u00e9g\u00e8rement plus pr\u00e9cieuse, plus bois\u00e9e et plus \u00e9paisse que la pr\u00e9c\u00e9dente, gr\u00e2ce \u00e0 un vieillissement suppl\u00e9mentaire et \u00e0 une concentration plus \u00e9lev\u00e9e.<\/p>\n<p>Aceto balsamico di Modena IGP, 2 feuilles : une acidit\u00e9 fruit\u00e9e et un doux go\u00fbt bois\u00e9, cinq ans de vieillissement en f\u00fbts de ch\u00eane. Ce vinaigre accompagne tr\u00e8s bien les salades comme la roquette, le pissenlit ou la chicor\u00e9e rouge.<\/p>","protected":false},"excerpt":{"rendered":"<p><strong>Vinaigre balsamique de Mod\u00e8ne IGP<\/strong><br \/>\nIngr\u00e9dients : Vinaigre de vin, mo\u00fbt de raisin cuit et concentr\u00e9.<\/p>","protected":false},"featured_media":7587,"template":"","meta":[],"product_brand":[],"product_cat":[656],"product_tag":[],"class_list":{"0":"post-403","1":"product","2":"type-product","3":"status-publish","4":"has-post-thumbnail","6":"product_cat-essige","7":"pa_ernaehrungsangaben-glutenfrei","8":"pa_ernaehrungsangaben-vegetarisch","9":"pa_ernaehrungsangaben-vegan","10":"pa_marke-cascina-san-giovanni","12":"first","13":"instock","14":"taxable","15":"shipping-taxable","16":"product-type-simple"},"_links":{"self":[{"href":"https:\/\/www.lagazza.ch\/fr\/wp-json\/wp\/v2\/product\/403","targetHints":{"allow":["GET"]}}],"collection":[{"href":"https:\/\/www.lagazza.ch\/fr\/wp-json\/wp\/v2\/product"}],"about":[{"href":"https:\/\/www.lagazza.ch\/fr\/wp-json\/wp\/v2\/types\/product"}],"wp:featuredmedia":[{"embeddable":true,"href":"https:\/\/www.lagazza.ch\/fr\/wp-json\/wp\/v2\/media\/7587"}],"wp:attachment":[{"href":"https:\/\/www.lagazza.ch\/fr\/wp-json\/wp\/v2\/media?parent=403"}],"wp:term":[{"taxonomy":"product_brand","embeddable":true,"href":"https:\/\/www.lagazza.ch\/fr\/wp-json\/wp\/v2\/product_brand?post=403"},{"taxonomy":"product_cat","embeddable":true,"href":"https:\/\/www.lagazza.ch\/fr\/wp-json\/wp\/v2\/product_cat?post=403"},{"taxonomy":"product_tag","embeddable":true,"href":"https:\/\/www.lagazza.ch\/fr\/wp-json\/wp\/v2\/product_tag?post=403"}],"curies":[{"name":"wp","href":"https:\/\/api.w.org\/{rel}","templated":true}]}}