{"id":3978,"date":"2016-09-30T09:08:02","date_gmt":"2016-09-30T09:08:02","guid":{"rendered":"http:\/\/www.lagazza.com\/produkt\/kurze-lingue-di-suocera-mit-sesam-schwiegermutterzungen-im-saecklein\/"},"modified":"2024-08-29T13:07:10","modified_gmt":"2024-08-29T13:07:10","slug":"linguine-al-sesamo","status":"publish","type":"product","link":"https:\/\/www.lagazza.ch\/fr\/haendlershop\/backwaren\/linguine-al-sesamo\/","title":{"rendered":"Linguine al sesamo"},"content":{"rendered":"<p>Fabriqu\u00e9s \u00e0 la main dans une petite boulangerie du Pi\u00e9mont, nos lingue, chiacchiere et grissini. Produits selon d'anciennes recettes transmises de g\u00e9n\u00e9ration en g\u00e9n\u00e9ration, avec des ingr\u00e9dients simples : une p\u00e2te \u00e0 base de farine, d'eau, de sel et d'huile d'olive, agr\u00e9ment\u00e9e au choix d'herbes aromatiques, d'olives, d'oignons et de graines de s\u00e9same. Ils sont cuits \u00e0 sec avec beaucoup d'huile d'olive et sont parfaits pour \u00eatre tremp\u00e9s dans des tartines de crostini ou simplement mang\u00e9s tels quels.<\/p>\n<p>Ces \"langues de belle-m\u00e8re\" plates et croustillantes sont une alternative d\u00e9licate au pain ou aux gressins. Le s\u00e9same conf\u00e8re \u00e0 cette vari\u00e9t\u00e9 un agr\u00e9able go\u00fbt de noisette.<\/p>","protected":false},"excerpt":{"rendered":"<p><strong>Galettes de pain au s\u00e9same<\/strong><br \/>\nIngr\u00e9dients : Farine de bl\u00e9, huile d'olive extra vierge, sel, levure de bi\u00e8re, s\u00e9same.<\/p>","protected":false},"featured_media":7507,"template":"","meta":[],"product_brand":[],"product_cat":[70],"product_tag":[],"class_list":{"0":"post-3978","1":"product","2":"type-product","3":"status-publish","4":"has-post-thumbnail","6":"product_cat-backwaren","7":"pa_ernaehrungsangaben-vegetarisch","8":"pa_ernaehrungsangaben-vegan","9":"pa_marke-cascina-san-giovanni","11":"first","12":"instock","13":"taxable","14":"shipping-taxable","15":"product-type-simple"},"_links":{"self":[{"href":"https:\/\/www.lagazza.ch\/fr\/wp-json\/wp\/v2\/product\/3978","targetHints":{"allow":["GET"]}}],"collection":[{"href":"https:\/\/www.lagazza.ch\/fr\/wp-json\/wp\/v2\/product"}],"about":[{"href":"https:\/\/www.lagazza.ch\/fr\/wp-json\/wp\/v2\/types\/product"}],"wp:featuredmedia":[{"embeddable":true,"href":"https:\/\/www.lagazza.ch\/fr\/wp-json\/wp\/v2\/media\/7507"}],"wp:attachment":[{"href":"https:\/\/www.lagazza.ch\/fr\/wp-json\/wp\/v2\/media?parent=3978"}],"wp:term":[{"taxonomy":"product_brand","embeddable":true,"href":"https:\/\/www.lagazza.ch\/fr\/wp-json\/wp\/v2\/product_brand?post=3978"},{"taxonomy":"product_cat","embeddable":true,"href":"https:\/\/www.lagazza.ch\/fr\/wp-json\/wp\/v2\/product_cat?post=3978"},{"taxonomy":"product_tag","embeddable":true,"href":"https:\/\/www.lagazza.ch\/fr\/wp-json\/wp\/v2\/product_tag?post=3978"}],"curies":[{"name":"wp","href":"https:\/\/api.w.org\/{rel}","templated":true}]}}