{"id":3972,"date":"2016-09-30T09:01:41","date_gmt":"2016-09-30T09:01:41","guid":{"rendered":"http:\/\/www.lagazza.com\/produkt\/gemischte-scharfe-oliven-in-olivenoel-extravergine\/"},"modified":"2025-09-01T08:52:56","modified_gmt":"2025-09-01T06:52:56","slug":"olive-miste-piccanti","status":"publish","type":"product","link":"https:\/\/www.lagazza.ch\/fr\/haendlershop\/antipasti\/olive-miste-piccanti\/","title":{"rendered":"Olive miste piccanti"},"content":{"rendered":"<p>Les bonnes relations que nous entretenons depuis des ann\u00e9es avec nos producteurs nous garantissent que seule la meilleure qualit\u00e9 d'olives est utilis\u00e9e pour nos produits. En saumure, dans l'huile d'olive ou sous forme de cr\u00e8mes, elles enrichissent tous les repas et sont incontournables dans la cuisine m\u00e9diterran\u00e9enne.<\/p>\n<p>Olives mixtes d\u00e9noyaut\u00e9es (vertes et noires) m\u00e9lang\u00e9es \u00e0 du piment - ce qui donne aux olives un piquant agr\u00e9able. Dans de l'huile d'olive extra vierge.<\/p>","protected":false},"excerpt":{"rendered":"<p><strong>Olives mixtes d\u00e9noyaut\u00e9es, piquantes, \u00e0 l'huile d'olive extra vierge<\/strong><br \/>\nIngr\u00e9dients : olives m\u00e9lang\u00e9es, huile d'olive extra vierge, fines herbes, piment, sel.<\/p>","protected":false},"featured_media":7518,"template":"","meta":[],"product_brand":[],"product_cat":[486],"product_tag":[],"class_list":{"0":"post-3972","1":"product","2":"type-product","3":"status-publish","4":"has-post-thumbnail","6":"product_cat-antipasti","7":"pa_ernaehrungsangaben-glutenfrei","8":"pa_ernaehrungsangaben-vegetarisch","9":"pa_ernaehrungsangaben-vegan","10":"pa_marke-cascina-san-giovanni","12":"first","13":"instock","14":"taxable","15":"shipping-taxable","16":"product-type-simple"},"_links":{"self":[{"href":"https:\/\/www.lagazza.ch\/fr\/wp-json\/wp\/v2\/product\/3972","targetHints":{"allow":["GET"]}}],"collection":[{"href":"https:\/\/www.lagazza.ch\/fr\/wp-json\/wp\/v2\/product"}],"about":[{"href":"https:\/\/www.lagazza.ch\/fr\/wp-json\/wp\/v2\/types\/product"}],"wp:featuredmedia":[{"embeddable":true,"href":"https:\/\/www.lagazza.ch\/fr\/wp-json\/wp\/v2\/media\/7518"}],"wp:attachment":[{"href":"https:\/\/www.lagazza.ch\/fr\/wp-json\/wp\/v2\/media?parent=3972"}],"wp:term":[{"taxonomy":"product_brand","embeddable":true,"href":"https:\/\/www.lagazza.ch\/fr\/wp-json\/wp\/v2\/product_brand?post=3972"},{"taxonomy":"product_cat","embeddable":true,"href":"https:\/\/www.lagazza.ch\/fr\/wp-json\/wp\/v2\/product_cat?post=3972"},{"taxonomy":"product_tag","embeddable":true,"href":"https:\/\/www.lagazza.ch\/fr\/wp-json\/wp\/v2\/product_tag?post=3972"}],"curies":[{"name":"wp","href":"https:\/\/api.w.org\/{rel}","templated":true}]}}