{"id":389,"date":"2015-08-17T16:00:36","date_gmt":"2015-08-17T16:00:36","guid":{"rendered":"http:\/\/www.lagazza.ch\/?post_type=product&#038;p=389&#038;lang=de"},"modified":"2024-09-27T14:52:37","modified_gmt":"2024-09-27T12:52:37","slug":"pate-per-crostini-di-funghi-porcini","status":"publish","type":"product","link":"https:\/\/www.lagazza.ch\/fr\/haendlershop\/antipasti\/pate-per-crostini-di-funghi-porcini\/","title":{"rendered":"Pat\u00e8 per crostini di funghi porcini"},"content":{"rendered":"<p>Des c\u00e8pes frais transform\u00e9s en une d\u00e9licieuse cr\u00e8me avec de l'huile d'olive, du sel et de l'ail. Go\u00fbt intense et aromatique, \u00e0 tartiner sur des crostini, des chiacchiere et des lingue, mais aussi pour assaisonner de d\u00e9licieuses entr\u00e9es, des plats principaux (comme les risotti) et des soupes cr\u00e9meuses, ainsi que pour enrichir de savoureuses garnitures.<\/p>","protected":false},"excerpt":{"rendered":"<p><strong>P\u00e2te \u00e0 tartiner aux c\u00e8pes<\/strong><br \/>\nIngr\u00e9dients : c\u00e8pes, huile d'olive, sel, ail.<\/p>","protected":false},"featured_media":7559,"template":"","meta":[],"product_brand":[],"product_cat":[486],"product_tag":[],"class_list":{"0":"post-389","1":"product","2":"type-product","3":"status-publish","4":"has-post-thumbnail","6":"product_cat-antipasti","7":"pa_ernaehrungsangaben-glutenfrei","8":"pa_ernaehrungsangaben-vegetarisch","9":"pa_ernaehrungsangaben-vegan","10":"pa_marke-cascina-san-giovanni","12":"first","13":"instock","14":"taxable","15":"shipping-taxable","16":"product-type-simple"},"_links":{"self":[{"href":"https:\/\/www.lagazza.ch\/fr\/wp-json\/wp\/v2\/product\/389","targetHints":{"allow":["GET"]}}],"collection":[{"href":"https:\/\/www.lagazza.ch\/fr\/wp-json\/wp\/v2\/product"}],"about":[{"href":"https:\/\/www.lagazza.ch\/fr\/wp-json\/wp\/v2\/types\/product"}],"wp:featuredmedia":[{"embeddable":true,"href":"https:\/\/www.lagazza.ch\/fr\/wp-json\/wp\/v2\/media\/7559"}],"wp:attachment":[{"href":"https:\/\/www.lagazza.ch\/fr\/wp-json\/wp\/v2\/media?parent=389"}],"wp:term":[{"taxonomy":"product_brand","embeddable":true,"href":"https:\/\/www.lagazza.ch\/fr\/wp-json\/wp\/v2\/product_brand?post=389"},{"taxonomy":"product_cat","embeddable":true,"href":"https:\/\/www.lagazza.ch\/fr\/wp-json\/wp\/v2\/product_cat?post=389"},{"taxonomy":"product_tag","embeddable":true,"href":"https:\/\/www.lagazza.ch\/fr\/wp-json\/wp\/v2\/product_tag?post=389"}],"curies":[{"name":"wp","href":"https:\/\/api.w.org\/{rel}","templated":true}]}}