{"id":386,"date":"2015-08-17T15:54:06","date_gmt":"2015-08-17T15:54:06","guid":{"rendered":"http:\/\/www.lagazza.ch\/?post_type=product&#038;p=386&#038;lang=de"},"modified":"2025-09-01T09:02:45","modified_gmt":"2025-09-01T07:02:45","slug":"pate-per-crostini-di-basilico","status":"publish","type":"product","link":"https:\/\/www.lagazza.ch\/fr\/haendlershop\/antipasti\/pate-per-crostini-di-basilico\/","title":{"rendered":"Pat\u00e8 per crostini di basilico"},"content":{"rendered":"<p>Avec le meilleur basilic de Ligurie, cette p\u00e2te \u00e0 tartiner a le go\u00fbt inimitable de l'\u00e9t\u00e9 italien. Une cr\u00e8me extr\u00eamement savoureuse pour affiner les plats de p\u00e2tes et pour tartiner sur les crostini, les chiacchiere et les lingue.<\/p>","protected":false},"excerpt":{"rendered":"<p><strong>P\u00e2te \u00e0 tartiner au basilic<\/strong><br \/>\nIngr\u00e9dients : Basilic, huile d'olive, sel, pignons de pin, fromage \u00e0 p\u00e2te dure, ail.<\/p>","protected":false},"featured_media":7555,"template":"","meta":[],"product_brand":[],"product_cat":[486],"product_tag":[],"class_list":{"0":"post-386","1":"product","2":"type-product","3":"status-publish","4":"has-post-thumbnail","6":"product_cat-antipasti","7":"pa_ernaehrungsangaben-glutenfrei","8":"pa_ernaehrungsangaben-vegetarisch","9":"pa_marke-cascina-san-giovanni","11":"first","12":"instock","13":"taxable","14":"shipping-taxable","15":"product-type-simple"},"_links":{"self":[{"href":"https:\/\/www.lagazza.ch\/fr\/wp-json\/wp\/v2\/product\/386","targetHints":{"allow":["GET"]}}],"collection":[{"href":"https:\/\/www.lagazza.ch\/fr\/wp-json\/wp\/v2\/product"}],"about":[{"href":"https:\/\/www.lagazza.ch\/fr\/wp-json\/wp\/v2\/types\/product"}],"wp:featuredmedia":[{"embeddable":true,"href":"https:\/\/www.lagazza.ch\/fr\/wp-json\/wp\/v2\/media\/7555"}],"wp:attachment":[{"href":"https:\/\/www.lagazza.ch\/fr\/wp-json\/wp\/v2\/media?parent=386"}],"wp:term":[{"taxonomy":"product_brand","embeddable":true,"href":"https:\/\/www.lagazza.ch\/fr\/wp-json\/wp\/v2\/product_brand?post=386"},{"taxonomy":"product_cat","embeddable":true,"href":"https:\/\/www.lagazza.ch\/fr\/wp-json\/wp\/v2\/product_cat?post=386"},{"taxonomy":"product_tag","embeddable":true,"href":"https:\/\/www.lagazza.ch\/fr\/wp-json\/wp\/v2\/product_tag?post=386"}],"curies":[{"name":"wp","href":"https:\/\/api.w.org\/{rel}","templated":true}]}}