{"id":384,"date":"2015-08-17T15:46:43","date_gmt":"2015-08-17T15:46:43","guid":{"rendered":"http:\/\/www.lagazza.ch\/?post_type=product&#038;p=384&#038;lang=de"},"modified":"2025-09-01T09:02:11","modified_gmt":"2025-09-01T07:02:11","slug":"frutti-di-cappero","status":"publish","type":"product","link":"https:\/\/www.lagazza.ch\/fr\/haendlershop\/antipasti\/frutti-di-cappero\/","title":{"rendered":"Frutti di cappero"},"content":{"rendered":"<p>Les c\u00e2pres sont les v\u00e9ritables fruits de la c\u00e2pre. Elles ont un go\u00fbt fort et agr\u00e9ablement acidul\u00e9. Conserv\u00e9es en saumure.<\/p>","protected":false},"excerpt":{"rendered":"<p><strong>Pommes de terre aux c\u00e2pres<\/strong><br \/>\nIngr\u00e9dients : C\u00e2pres, saumure (eau, vinaigre de vin blanc, sel).<\/p>","protected":false},"featured_media":7501,"template":"","meta":[],"product_brand":[],"product_cat":[486],"product_tag":[],"class_list":{"0":"post-384","1":"product","2":"type-product","3":"status-publish","4":"has-post-thumbnail","6":"product_cat-antipasti","7":"pa_ernaehrungsangaben-glutenfrei","8":"pa_ernaehrungsangaben-vegetarisch","9":"pa_ernaehrungsangaben-vegan","10":"pa_marke-cascina-san-giovanni","12":"first","13":"instock","14":"taxable","15":"shipping-taxable","16":"product-type-simple"},"_links":{"self":[{"href":"https:\/\/www.lagazza.ch\/fr\/wp-json\/wp\/v2\/product\/384","targetHints":{"allow":["GET"]}}],"collection":[{"href":"https:\/\/www.lagazza.ch\/fr\/wp-json\/wp\/v2\/product"}],"about":[{"href":"https:\/\/www.lagazza.ch\/fr\/wp-json\/wp\/v2\/types\/product"}],"wp:featuredmedia":[{"embeddable":true,"href":"https:\/\/www.lagazza.ch\/fr\/wp-json\/wp\/v2\/media\/7501"}],"wp:attachment":[{"href":"https:\/\/www.lagazza.ch\/fr\/wp-json\/wp\/v2\/media?parent=384"}],"wp:term":[{"taxonomy":"product_brand","embeddable":true,"href":"https:\/\/www.lagazza.ch\/fr\/wp-json\/wp\/v2\/product_brand?post=384"},{"taxonomy":"product_cat","embeddable":true,"href":"https:\/\/www.lagazza.ch\/fr\/wp-json\/wp\/v2\/product_cat?post=384"},{"taxonomy":"product_tag","embeddable":true,"href":"https:\/\/www.lagazza.ch\/fr\/wp-json\/wp\/v2\/product_tag?post=384"}],"curies":[{"name":"wp","href":"https:\/\/api.w.org\/{rel}","templated":true}]}}