{"id":383,"date":"2015-08-17T15:45:04","date_gmt":"2015-08-17T15:45:04","guid":{"rendered":"http:\/\/www.lagazza.ch\/?post_type=product&#038;p=383&#038;lang=de"},"modified":"2024-08-30T10:55:00","modified_gmt":"2024-08-30T10:55:00","slug":"capperi-sotto-sale","status":"publish","type":"product","link":"https:\/\/www.lagazza.ch\/fr\/haendlershop\/antipasti\/capperi-sotto-sale\/","title":{"rendered":"Capperi sotto sale"},"content":{"rendered":"<p>Les petites c\u00e2pres sont obtenues \u00e0 partir des boutons floraux du \"Capparis spinosa L\", avant que la plante ne commence \u00e0 fleurir. Apr\u00e8s la fermentation lactique, elles sont plac\u00e9es dans des f\u00fbts de saumure (eau et sel dans les bonnes proportions), avant d'\u00eatre ensuite conserv\u00e9es, bien \u00e9goutt\u00e9es, dans des bocaux de sel grossier. Bien les arroser avant de les utiliser.<\/p>","protected":false},"excerpt":{"rendered":"<p><strong>C\u00e2pres sal\u00e9es<\/strong><br \/>\nIngr\u00e9dients : C\u00e2pres, sel.<\/p>","protected":false},"featured_media":7500,"template":"","meta":[],"product_brand":[],"product_cat":[486],"product_tag":[],"class_list":{"0":"post-383","1":"product","2":"type-product","3":"status-publish","4":"has-post-thumbnail","6":"product_cat-antipasti","7":"pa_ernaehrungsangaben-glutenfrei","8":"pa_ernaehrungsangaben-vegetarisch","9":"pa_ernaehrungsangaben-vegan","10":"pa_marke-cascina-san-giovanni","12":"first","13":"instock","14":"taxable","15":"shipping-taxable","16":"product-type-simple"},"_links":{"self":[{"href":"https:\/\/www.lagazza.ch\/fr\/wp-json\/wp\/v2\/product\/383","targetHints":{"allow":["GET"]}}],"collection":[{"href":"https:\/\/www.lagazza.ch\/fr\/wp-json\/wp\/v2\/product"}],"about":[{"href":"https:\/\/www.lagazza.ch\/fr\/wp-json\/wp\/v2\/types\/product"}],"wp:featuredmedia":[{"embeddable":true,"href":"https:\/\/www.lagazza.ch\/fr\/wp-json\/wp\/v2\/media\/7500"}],"wp:attachment":[{"href":"https:\/\/www.lagazza.ch\/fr\/wp-json\/wp\/v2\/media?parent=383"}],"wp:term":[{"taxonomy":"product_brand","embeddable":true,"href":"https:\/\/www.lagazza.ch\/fr\/wp-json\/wp\/v2\/product_brand?post=383"},{"taxonomy":"product_cat","embeddable":true,"href":"https:\/\/www.lagazza.ch\/fr\/wp-json\/wp\/v2\/product_cat?post=383"},{"taxonomy":"product_tag","embeddable":true,"href":"https:\/\/www.lagazza.ch\/fr\/wp-json\/wp\/v2\/product_tag?post=383"}],"curies":[{"name":"wp","href":"https:\/\/api.w.org\/{rel}","templated":true}]}}