{"id":374,"date":"2015-08-17T10:20:29","date_gmt":"2015-08-17T10:20:29","guid":{"rendered":"http:\/\/www.lagazza.ch\/?post_type=product&#038;p=374&#038;lang=de"},"modified":"2024-08-30T08:33:14","modified_gmt":"2024-08-30T08:33:14","slug":"carciofini-alla-griglia","status":"publish","type":"product","link":"https:\/\/www.lagazza.ch\/fr\/haendlershop\/antipasti\/carciofini-alla-griglia\/","title":{"rendered":"Carciofini \u00e0 la griglia"},"content":{"rendered":"<p>Les petits artichauts frais, r\u00e9colt\u00e9s \u00e0 la main, sont coup\u00e9s en deux et grill\u00e9s lentement sur des braises chaudes, ce qui leur conf\u00e8re un go\u00fbt fum\u00e9. Mis en bocaux et recouverts d'huile, ils conservent toute leur fra\u00eecheur.<\/p>","protected":false},"excerpt":{"rendered":"<p><strong>Artichauts grill\u00e9s \u00e0 l'huile<\/strong><br \/>\nIngr\u00e9dients : Artichauts, huile de tournesol, huile d'olive extra vierge, fines herbes, sel.<\/p>","protected":false},"featured_media":7499,"template":"","meta":[],"product_brand":[],"product_cat":[486],"product_tag":[],"class_list":{"0":"post-374","1":"product","2":"type-product","3":"status-publish","4":"has-post-thumbnail","6":"product_cat-antipasti","7":"pa_ernaehrungsangaben-glutenfrei","8":"pa_ernaehrungsangaben-vegetarisch","9":"pa_ernaehrungsangaben-vegan","10":"pa_marke-cascina-san-giovanni","12":"first","13":"instock","14":"taxable","15":"shipping-taxable","16":"product-type-simple"},"_links":{"self":[{"href":"https:\/\/www.lagazza.ch\/fr\/wp-json\/wp\/v2\/product\/374","targetHints":{"allow":["GET"]}}],"collection":[{"href":"https:\/\/www.lagazza.ch\/fr\/wp-json\/wp\/v2\/product"}],"about":[{"href":"https:\/\/www.lagazza.ch\/fr\/wp-json\/wp\/v2\/types\/product"}],"wp:featuredmedia":[{"embeddable":true,"href":"https:\/\/www.lagazza.ch\/fr\/wp-json\/wp\/v2\/media\/7499"}],"wp:attachment":[{"href":"https:\/\/www.lagazza.ch\/fr\/wp-json\/wp\/v2\/media?parent=374"}],"wp:term":[{"taxonomy":"product_brand","embeddable":true,"href":"https:\/\/www.lagazza.ch\/fr\/wp-json\/wp\/v2\/product_brand?post=374"},{"taxonomy":"product_cat","embeddable":true,"href":"https:\/\/www.lagazza.ch\/fr\/wp-json\/wp\/v2\/product_cat?post=374"},{"taxonomy":"product_tag","embeddable":true,"href":"https:\/\/www.lagazza.ch\/fr\/wp-json\/wp\/v2\/product_tag?post=374"}],"curies":[{"name":"wp","href":"https:\/\/api.w.org\/{rel}","templated":true}]}}