{"id":370,"date":"2015-08-17T09:53:47","date_gmt":"2015-08-17T09:53:47","guid":{"rendered":"http:\/\/www.lagazza.ch\/?post_type=product&#038;p=370&#038;lang=de"},"modified":"2024-08-30T08:27:21","modified_gmt":"2024-08-30T08:27:21","slug":"pomodorini-semisecchi","status":"publish","type":"product","link":"https:\/\/www.lagazza.ch\/fr\/haendlershop\/antipasti\/pomodorini-semisecchi\/","title":{"rendered":"Pomodorini semisecchi"},"content":{"rendered":"<p>Les tomates cerises des pentes du volcan Etna en Sicile ont m\u00fbri sous le soleil de la M\u00e9diterran\u00e9e et ont un go\u00fbt \u00e9pic\u00e9 et puissant. Les tomates m\u00fbres, d'un rouge vif, sont cueillies \u00e0 la main et trait\u00e9es imm\u00e9diatement apr\u00e8s la r\u00e9colte.<\/p>","protected":false},"excerpt":{"rendered":"<p><strong>Tomates cerises semi-s\u00e9ch\u00e9es<\/strong><br \/>\nIngr\u00e9dients : tomates cerises semi-s\u00e9ch\u00e9es, huile de tournesol, sel, basilic, origan, ail, piment.<\/p>","protected":false},"featured_media":7502,"template":"","meta":[],"product_brand":[],"product_cat":[486],"product_tag":[],"class_list":{"0":"post-370","1":"product","2":"type-product","3":"status-publish","4":"has-post-thumbnail","6":"product_cat-antipasti","7":"pa_ernaehrungsangaben-glutenfrei","8":"pa_ernaehrungsangaben-vegetarisch","9":"pa_ernaehrungsangaben-vegan","10":"pa_marke-cascina-san-giovanni","12":"first","13":"instock","14":"taxable","15":"shipping-taxable","16":"product-type-simple"},"_links":{"self":[{"href":"https:\/\/www.lagazza.ch\/fr\/wp-json\/wp\/v2\/product\/370","targetHints":{"allow":["GET"]}}],"collection":[{"href":"https:\/\/www.lagazza.ch\/fr\/wp-json\/wp\/v2\/product"}],"about":[{"href":"https:\/\/www.lagazza.ch\/fr\/wp-json\/wp\/v2\/types\/product"}],"wp:featuredmedia":[{"embeddable":true,"href":"https:\/\/www.lagazza.ch\/fr\/wp-json\/wp\/v2\/media\/7502"}],"wp:attachment":[{"href":"https:\/\/www.lagazza.ch\/fr\/wp-json\/wp\/v2\/media?parent=370"}],"wp:term":[{"taxonomy":"product_brand","embeddable":true,"href":"https:\/\/www.lagazza.ch\/fr\/wp-json\/wp\/v2\/product_brand?post=370"},{"taxonomy":"product_cat","embeddable":true,"href":"https:\/\/www.lagazza.ch\/fr\/wp-json\/wp\/v2\/product_cat?post=370"},{"taxonomy":"product_tag","embeddable":true,"href":"https:\/\/www.lagazza.ch\/fr\/wp-json\/wp\/v2\/product_tag?post=370"}],"curies":[{"name":"wp","href":"https:\/\/api.w.org\/{rel}","templated":true}]}}