{"id":369,"date":"2015-08-17T09:51:24","date_gmt":"2015-08-17T09:51:24","guid":{"rendered":"http:\/\/www.lagazza.ch\/?post_type=product&#038;p=369&#038;lang=de"},"modified":"2025-09-01T08:56:49","modified_gmt":"2025-09-01T06:56:49","slug":"pomodori-essicati-al-sole","status":"publish","type":"product","link":"https:\/\/www.lagazza.ch\/fr\/haendlershop\/antipasti\/pomodori-essicati-al-sole\/","title":{"rendered":"Pomodori essicati al sole (Pommes de terre cuites au soleil)"},"content":{"rendered":"<p>Nous n'utilisons que les meilleures tomates s\u00e9ch\u00e9es au soleil du sud profond de l'Italie. Les tomates sont coup\u00e9es en tranches, saupoudr\u00e9es de gros sel marin et s\u00e9ch\u00e9es au soleil. Elles peuvent ainsi m\u00fbrir pleinement et d\u00e9velopper leur go\u00fbt unique.<\/p>","protected":false},"excerpt":{"rendered":"<p><strong>Tomates s\u00e9ch\u00e9es au soleil<\/strong><br \/>\nIngr\u00e9dients : tomates s\u00e9ch\u00e9es au soleil, sel.<\/p>","protected":false},"featured_media":7567,"template":"","meta":[],"product_brand":[],"product_cat":[486],"product_tag":[],"class_list":{"0":"post-369","1":"product","2":"type-product","3":"status-publish","4":"has-post-thumbnail","6":"product_cat-antipasti","7":"pa_ernaehrungsangaben-glutenfrei","8":"pa_ernaehrungsangaben-vegetarisch","9":"pa_ernaehrungsangaben-vegan","10":"pa_marke-cascina-san-giovanni","12":"first","13":"instock","14":"taxable","15":"shipping-taxable","16":"product-type-simple"},"_links":{"self":[{"href":"https:\/\/www.lagazza.ch\/fr\/wp-json\/wp\/v2\/product\/369","targetHints":{"allow":["GET"]}}],"collection":[{"href":"https:\/\/www.lagazza.ch\/fr\/wp-json\/wp\/v2\/product"}],"about":[{"href":"https:\/\/www.lagazza.ch\/fr\/wp-json\/wp\/v2\/types\/product"}],"wp:featuredmedia":[{"embeddable":true,"href":"https:\/\/www.lagazza.ch\/fr\/wp-json\/wp\/v2\/media\/7567"}],"wp:attachment":[{"href":"https:\/\/www.lagazza.ch\/fr\/wp-json\/wp\/v2\/media?parent=369"}],"wp:term":[{"taxonomy":"product_brand","embeddable":true,"href":"https:\/\/www.lagazza.ch\/fr\/wp-json\/wp\/v2\/product_brand?post=369"},{"taxonomy":"product_cat","embeddable":true,"href":"https:\/\/www.lagazza.ch\/fr\/wp-json\/wp\/v2\/product_cat?post=369"},{"taxonomy":"product_tag","embeddable":true,"href":"https:\/\/www.lagazza.ch\/fr\/wp-json\/wp\/v2\/product_tag?post=369"}],"curies":[{"name":"wp","href":"https:\/\/api.w.org\/{rel}","templated":true}]}}