{"id":368,"date":"2015-08-17T09:44:04","date_gmt":"2015-08-17T09:44:04","guid":{"rendered":"http:\/\/www.lagazza.ch\/?post_type=product&#038;p=368&#038;lang=de"},"modified":"2024-08-30T08:17:12","modified_gmt":"2024-08-30T08:17:12","slug":"funghi-porcini-essicati","status":"publish","type":"product","link":"https:\/\/www.lagazza.ch\/fr\/haendlershop\/antipasti\/funghi-porcini-essicati\/","title":{"rendered":"Funghi porcini essicati (champignons)"},"content":{"rendered":"<p>Le c\u00e8pe est un excellent champignon comestible, \u00e0 l'ar\u00f4me doux et au go\u00fbt de noisette. Il conserve son go\u00fbt m\u00eame s\u00e9ch\u00e9. Des c\u00e8pes s\u00e9lectionn\u00e9s et s\u00e9ch\u00e9s en tranches, un ingr\u00e9dient d\u00e9licieux pour les risotti, le gibier et les sauces.<\/p>","protected":false},"excerpt":{"rendered":"<p><strong>C\u00e8pes s\u00e9ch\u00e9s<\/strong><br \/>\nOrigine : Europe de l'Est.<\/p>","protected":false},"featured_media":7668,"template":"","meta":[],"product_brand":[],"product_cat":[486],"product_tag":[],"class_list":{"0":"post-368","1":"product","2":"type-product","3":"status-publish","4":"has-post-thumbnail","6":"product_cat-antipasti","7":"pa_ernaehrungsangaben-glutenfrei","8":"pa_ernaehrungsangaben-vegetarisch","9":"pa_ernaehrungsangaben-vegan","10":"pa_marke-cascina-san-giovanni","12":"first","13":"instock","14":"taxable","15":"shipping-taxable","16":"product-type-simple"},"_links":{"self":[{"href":"https:\/\/www.lagazza.ch\/fr\/wp-json\/wp\/v2\/product\/368","targetHints":{"allow":["GET"]}}],"collection":[{"href":"https:\/\/www.lagazza.ch\/fr\/wp-json\/wp\/v2\/product"}],"about":[{"href":"https:\/\/www.lagazza.ch\/fr\/wp-json\/wp\/v2\/types\/product"}],"wp:featuredmedia":[{"embeddable":true,"href":"https:\/\/www.lagazza.ch\/fr\/wp-json\/wp\/v2\/media\/7668"}],"wp:attachment":[{"href":"https:\/\/www.lagazza.ch\/fr\/wp-json\/wp\/v2\/media?parent=368"}],"wp:term":[{"taxonomy":"product_brand","embeddable":true,"href":"https:\/\/www.lagazza.ch\/fr\/wp-json\/wp\/v2\/product_brand?post=368"},{"taxonomy":"product_cat","embeddable":true,"href":"https:\/\/www.lagazza.ch\/fr\/wp-json\/wp\/v2\/product_cat?post=368"},{"taxonomy":"product_tag","embeddable":true,"href":"https:\/\/www.lagazza.ch\/fr\/wp-json\/wp\/v2\/product_tag?post=368"}],"curies":[{"name":"wp","href":"https:\/\/api.w.org\/{rel}","templated":true}]}}