{"id":366,"date":"2015-08-17T09:38:44","date_gmt":"2015-08-17T09:38:44","guid":{"rendered":"http:\/\/www.lagazza.ch\/?post_type=product&#038;p=366&#038;lang=de"},"modified":"2024-08-30T08:14:48","modified_gmt":"2024-08-30T08:14:48","slug":"peperoncini-al-tonno-1500-csg","status":"publish","type":"product","link":"https:\/\/www.lagazza.ch\/fr\/haendlershop\/antipasti\/peperoncini-al-tonno-1500-csg\/","title":{"rendered":"Peperoncini al tonno"},"content":{"rendered":"<p>Poivrons pi\u00e9montais farcis d'une farce \u00e9pic\u00e9e \u00e0 base de thon, d'anchois, de c\u00e2pres et de persil. Pour cette recette pi\u00e9montaise classique, on utilise une vari\u00e9t\u00e9 locale de poivrons, plus douce que les piments normaux. Aujourd'hui encore, les poivrons sont farcis \u00e0 la main avec une multitude d'ingr\u00e9dients et conserv\u00e9s dans de l'huile de tournesol.<\/p>","protected":false},"excerpt":{"rendered":"<p><strong>Poivrons cerises au thon<\/strong><br \/>\nIngr\u00e9dients : Poivrons cerises, huile de tournesol, thon, anchois, c\u00e2pres, persil, sel.<\/p>","protected":false},"featured_media":7412,"template":"","meta":[],"product_brand":[],"product_cat":[486],"product_tag":[],"class_list":{"0":"post-366","1":"product","2":"type-product","3":"status-publish","4":"has-post-thumbnail","6":"product_cat-antipasti","7":"pa_ernaehrungsangaben-glutenfrei","8":"pa_marke-cascina-san-giovanni","10":"first","11":"instock","12":"taxable","13":"shipping-taxable","14":"product-type-simple"},"_links":{"self":[{"href":"https:\/\/www.lagazza.ch\/fr\/wp-json\/wp\/v2\/product\/366","targetHints":{"allow":["GET"]}}],"collection":[{"href":"https:\/\/www.lagazza.ch\/fr\/wp-json\/wp\/v2\/product"}],"about":[{"href":"https:\/\/www.lagazza.ch\/fr\/wp-json\/wp\/v2\/types\/product"}],"wp:featuredmedia":[{"embeddable":true,"href":"https:\/\/www.lagazza.ch\/fr\/wp-json\/wp\/v2\/media\/7412"}],"wp:attachment":[{"href":"https:\/\/www.lagazza.ch\/fr\/wp-json\/wp\/v2\/media?parent=366"}],"wp:term":[{"taxonomy":"product_brand","embeddable":true,"href":"https:\/\/www.lagazza.ch\/fr\/wp-json\/wp\/v2\/product_brand?post=366"},{"taxonomy":"product_cat","embeddable":true,"href":"https:\/\/www.lagazza.ch\/fr\/wp-json\/wp\/v2\/product_cat?post=366"},{"taxonomy":"product_tag","embeddable":true,"href":"https:\/\/www.lagazza.ch\/fr\/wp-json\/wp\/v2\/product_tag?post=366"}],"curies":[{"name":"wp","href":"https:\/\/api.w.org\/{rel}","templated":true}]}}