{"id":354,"date":"2015-08-17T08:52:56","date_gmt":"2015-08-17T08:52:56","guid":{"rendered":"http:\/\/www.lagazza.ch\/?post_type=product&#038;p=354&#038;lang=de"},"modified":"2026-04-02T10:35:18","modified_gmt":"2026-04-02T08:35:18","slug":"sugo-alla-bolognese-500-csg","status":"publish","type":"product","link":"https:\/\/www.lagazza.ch\/fr\/haendlershop\/tomatensaucen-pesto\/sugo-alla-bolognese-500-csg\/","title":{"rendered":"Sugo \u00e0 la bolognaise"},"content":{"rendered":"<p>Une des plus anciennes recettes traditionnelles pi\u00e9montaises, enti\u00e8rement pr\u00e9par\u00e9e avec de la viande de b\u0153uf italienne.<\/p>\n<p>Nos sauces tomate sont fabriqu\u00e9es dans le Pi\u00e9mont\/Italie avec des tomates fra\u00eeches m\u00fbries au soleil et des l\u00e9gumes frais. La cuisson lente et prolong\u00e9e permet d'obtenir un sugo \u00e9pais et aromatique. Assaisonn\u00e9 selon d'anciennes recettes et affin\u00e9 avec des herbes, des l\u00e9gumes, des champignons, de la viande et du poisson, il en r\u00e9sulte un sugo italien authentique et savoureux. Naturellement conserv\u00e9s avec du sel, nos sugo ne n\u00e9cessitent aucun agent de conservation artificiel. Le go\u00fbt est l\u00e9g\u00e8rement plus sal\u00e9 que celui des sauces traditionnelles, mais il est possible d'utiliser un peu moins de sel lors de la cuisson des p\u00e2tes afin de compenser.<\/p>","protected":false},"excerpt":{"rendered":"<p><strong>Sauce tomate au b\u0153uf<\/strong><br \/>\nIngr\u00e9dients : Tomates, viande de b\u0153uf, oignons, vin rouge, huile d'olive extra vierge, carottes, sel, sucre, fines herbes, ail.<\/p>","protected":false},"featured_media":15563,"template":"","meta":[],"product_brand":[],"product_cat":[658],"product_tag":[],"class_list":{"0":"post-354","1":"product","2":"type-product","3":"status-publish","4":"has-post-thumbnail","6":"product_cat-tomatensaucen-pesto","7":"pa_ernaehrungsangaben-glutenfrei","8":"pa_marke-cascina-san-giovanni","10":"first","11":"instock","12":"taxable","13":"shipping-taxable","14":"product-type-simple"},"_links":{"self":[{"href":"https:\/\/www.lagazza.ch\/fr\/wp-json\/wp\/v2\/product\/354","targetHints":{"allow":["GET"]}}],"collection":[{"href":"https:\/\/www.lagazza.ch\/fr\/wp-json\/wp\/v2\/product"}],"about":[{"href":"https:\/\/www.lagazza.ch\/fr\/wp-json\/wp\/v2\/types\/product"}],"wp:featuredmedia":[{"embeddable":true,"href":"https:\/\/www.lagazza.ch\/fr\/wp-json\/wp\/v2\/media\/15563"}],"wp:attachment":[{"href":"https:\/\/www.lagazza.ch\/fr\/wp-json\/wp\/v2\/media?parent=354"}],"wp:term":[{"taxonomy":"product_brand","embeddable":true,"href":"https:\/\/www.lagazza.ch\/fr\/wp-json\/wp\/v2\/product_brand?post=354"},{"taxonomy":"product_cat","embeddable":true,"href":"https:\/\/www.lagazza.ch\/fr\/wp-json\/wp\/v2\/product_cat?post=354"},{"taxonomy":"product_tag","embeddable":true,"href":"https:\/\/www.lagazza.ch\/fr\/wp-json\/wp\/v2\/product_tag?post=354"}],"curies":[{"name":"wp","href":"https:\/\/api.w.org\/{rel}","templated":true}]}}