{"id":341,"date":"2015-08-14T09:17:44","date_gmt":"2015-08-14T09:17:44","guid":{"rendered":"http:\/\/www.lagazza.ch\/?post_type=product&#038;p=341&#038;lang=de"},"modified":"2026-04-02T10:33:14","modified_gmt":"2026-04-02T08:33:14","slug":"sugo-ai-funghi-porcini","status":"publish","type":"product","link":"https:\/\/www.lagazza.ch\/fr\/haendlershop\/tomatensaucen-pesto\/sugo-ai-funghi-porcini\/","title":{"rendered":"Sugo ai funghi porcini (sauce aux champignons)"},"content":{"rendered":"<p>Pour ce sugo, seuls des champignons du groupe des c\u00e8pes (Boletus edulis) sont utilis\u00e9s. Il convient \u00e9galement parfaitement pour assaisonner la polenta.<\/p>\n<p>Nos sauces tomate sont fabriqu\u00e9es dans le Pi\u00e9mont\/Italie avec des tomates fra\u00eeches m\u00fbries au soleil et des l\u00e9gumes frais. La cuisson lente et prolong\u00e9e permet d'obtenir un sugo \u00e9pais et aromatique. Assaisonn\u00e9 selon d'anciennes recettes et affin\u00e9 avec des herbes, des l\u00e9gumes, des champignons, de la viande et du poisson, il en r\u00e9sulte un sugo italien authentique et savoureux. Naturellement conserv\u00e9s avec du sel, nos sugo ne n\u00e9cessitent aucun agent de conservation artificiel. Le go\u00fbt est l\u00e9g\u00e8rement plus sal\u00e9 que celui des sauces traditionnelles, mais il est possible d'utiliser un peu moins de sel lors de la cuisson des p\u00e2tes afin de compenser.<\/p>","protected":false},"excerpt":{"rendered":"<p><strong>Sauce tomate aux c\u00e8pes<\/strong><br \/>\nIngr\u00e9dients : Tomates, c\u00e8pes, huile d'olive extra vierge, oignons, sel, sucre, ail.<\/p>","protected":false},"featured_media":7524,"template":"","meta":[],"product_brand":[],"product_cat":[658],"product_tag":[],"class_list":{"0":"post-341","1":"product","2":"type-product","3":"status-publish","4":"has-post-thumbnail","6":"product_cat-tomatensaucen-pesto","7":"pa_ernaehrungsangaben-glutenfrei","8":"pa_ernaehrungsangaben-vegetarisch","9":"pa_ernaehrungsangaben-vegan","10":"pa_marke-cascina-san-giovanni","12":"first","13":"instock","14":"taxable","15":"shipping-taxable","16":"product-type-simple"},"_links":{"self":[{"href":"https:\/\/www.lagazza.ch\/fr\/wp-json\/wp\/v2\/product\/341","targetHints":{"allow":["GET"]}}],"collection":[{"href":"https:\/\/www.lagazza.ch\/fr\/wp-json\/wp\/v2\/product"}],"about":[{"href":"https:\/\/www.lagazza.ch\/fr\/wp-json\/wp\/v2\/types\/product"}],"wp:featuredmedia":[{"embeddable":true,"href":"https:\/\/www.lagazza.ch\/fr\/wp-json\/wp\/v2\/media\/7524"}],"wp:attachment":[{"href":"https:\/\/www.lagazza.ch\/fr\/wp-json\/wp\/v2\/media?parent=341"}],"wp:term":[{"taxonomy":"product_brand","embeddable":true,"href":"https:\/\/www.lagazza.ch\/fr\/wp-json\/wp\/v2\/product_brand?post=341"},{"taxonomy":"product_cat","embeddable":true,"href":"https:\/\/www.lagazza.ch\/fr\/wp-json\/wp\/v2\/product_cat?post=341"},{"taxonomy":"product_tag","embeddable":true,"href":"https:\/\/www.lagazza.ch\/fr\/wp-json\/wp\/v2\/product_tag?post=341"}],"curies":[{"name":"wp","href":"https:\/\/api.w.org\/{rel}","templated":true}]}}