{"id":3140,"date":"2016-06-21T12:10:44","date_gmt":"2016-06-21T12:10:44","guid":{"rendered":"http:\/\/www.lagazza.com\/?product=bruschetta-crostini-aufstrich-aus-tomatenstuecke-2"},"modified":"2024-09-27T15:04:02","modified_gmt":"2024-09-27T13:04:02","slug":"bruschetta","status":"publish","type":"product","link":"https:\/\/www.lagazza.ch\/fr\/haendlershop\/antipasti\/bruschetta\/","title":{"rendered":"Bruschetta"},"content":{"rendered":"<p>Sauce \u00e0 base de tomates italiennes coup\u00e9es en d\u00e9s, d'ail, d'huile d'olive extra-vierge et d'origan ; id\u00e9ale pour tartiner les tranches de pain (crostini), mais aussi pour assaisonner les p\u00e2tes.<\/p>","protected":false},"excerpt":{"rendered":"<p><strong>P\u00e2te \u00e0 tartiner \u00e0 la tomate<\/strong><br \/>\nIngr\u00e9dients : Tomates, huile d'olive extra vierge, sel, sucre, ail, origan.<\/p>","protected":false},"featured_media":7526,"template":"","meta":[],"product_brand":[],"product_cat":[486],"product_tag":[],"class_list":{"0":"post-3140","1":"product","2":"type-product","3":"status-publish","4":"has-post-thumbnail","6":"product_cat-antipasti","7":"pa_ernaehrungsangaben-glutenfrei","8":"pa_ernaehrungsangaben-vegetarisch","9":"pa_ernaehrungsangaben-vegan","10":"pa_marke-cascina-san-giovanni","12":"first","13":"instock","14":"taxable","15":"shipping-taxable","16":"product-type-simple"},"_links":{"self":[{"href":"https:\/\/www.lagazza.ch\/fr\/wp-json\/wp\/v2\/product\/3140","targetHints":{"allow":["GET"]}}],"collection":[{"href":"https:\/\/www.lagazza.ch\/fr\/wp-json\/wp\/v2\/product"}],"about":[{"href":"https:\/\/www.lagazza.ch\/fr\/wp-json\/wp\/v2\/types\/product"}],"wp:featuredmedia":[{"embeddable":true,"href":"https:\/\/www.lagazza.ch\/fr\/wp-json\/wp\/v2\/media\/7526"}],"wp:attachment":[{"href":"https:\/\/www.lagazza.ch\/fr\/wp-json\/wp\/v2\/media?parent=3140"}],"wp:term":[{"taxonomy":"product_brand","embeddable":true,"href":"https:\/\/www.lagazza.ch\/fr\/wp-json\/wp\/v2\/product_brand?post=3140"},{"taxonomy":"product_cat","embeddable":true,"href":"https:\/\/www.lagazza.ch\/fr\/wp-json\/wp\/v2\/product_cat?post=3140"},{"taxonomy":"product_tag","embeddable":true,"href":"https:\/\/www.lagazza.ch\/fr\/wp-json\/wp\/v2\/product_tag?post=3140"}],"curies":[{"name":"wp","href":"https:\/\/api.w.org\/{rel}","templated":true}]}}