{"id":314,"date":"2015-08-14T08:05:02","date_gmt":"2015-08-14T08:05:02","guid":{"rendered":"http:\/\/www.lagazza.ch\/?post_type=product&#038;p=314&#038;lang=de"},"modified":"2025-03-27T15:08:31","modified_gmt":"2025-03-27T14:08:31","slug":"fettuccine-all-uovo-csg","status":"publish","type":"product","link":"https:\/\/www.lagazza.ch\/fr\/haendlershop\/pasta\/fettuccine-all-uovo-csg\/","title":{"rendered":"Fettuccine all'uovo"},"content":{"rendered":"<p>Notre p\u00e2te \u00e0 p\u00e2tes est fabriqu\u00e9e \u00e0 partir de semoule de bl\u00e9 dur italienne et d'\u0153ufs de poules \u00e9lev\u00e9es en plein air. L'extraction par un moule en bronze donne une surface rugueuse, si importante pour l'adh\u00e9rence de la sauce. Le processus de s\u00e9chage lent \u00e0 basse temp\u00e9rature permet de conserver les pr\u00e9cieux nutriments et de garder les p\u00e2tes \"al dente\" lors de la cuisson.<\/p>","protected":false},"excerpt":{"rendered":"<p><strong>P\u00e2tes aux \u0153ufs \"Fettuccine<\/strong><br \/>\nIngr\u00e9dients : Semoule de bl\u00e9 dur, \u0153ufs (31%).<\/p>","protected":false},"featured_media":17662,"template":"","meta":[],"product_brand":[],"product_cat":[657],"product_tag":[],"class_list":{"0":"post-314","1":"product","2":"type-product","3":"status-publish","4":"has-post-thumbnail","6":"product_cat-pasta","7":"pa_ernaehrungsangaben-vegetarisch","8":"pa_marke-cascina-san-giovanni","10":"first","11":"instock","12":"taxable","13":"shipping-taxable","14":"product-type-simple"},"_links":{"self":[{"href":"https:\/\/www.lagazza.ch\/fr\/wp-json\/wp\/v2\/product\/314","targetHints":{"allow":["GET"]}}],"collection":[{"href":"https:\/\/www.lagazza.ch\/fr\/wp-json\/wp\/v2\/product"}],"about":[{"href":"https:\/\/www.lagazza.ch\/fr\/wp-json\/wp\/v2\/types\/product"}],"wp:featuredmedia":[{"embeddable":true,"href":"https:\/\/www.lagazza.ch\/fr\/wp-json\/wp\/v2\/media\/17662"}],"wp:attachment":[{"href":"https:\/\/www.lagazza.ch\/fr\/wp-json\/wp\/v2\/media?parent=314"}],"wp:term":[{"taxonomy":"product_brand","embeddable":true,"href":"https:\/\/www.lagazza.ch\/fr\/wp-json\/wp\/v2\/product_brand?post=314"},{"taxonomy":"product_cat","embeddable":true,"href":"https:\/\/www.lagazza.ch\/fr\/wp-json\/wp\/v2\/product_cat?post=314"},{"taxonomy":"product_tag","embeddable":true,"href":"https:\/\/www.lagazza.ch\/fr\/wp-json\/wp\/v2\/product_tag?post=314"}],"curies":[{"name":"wp","href":"https:\/\/api.w.org\/{rel}","templated":true}]}}