{"id":299,"date":"2015-08-04T14:45:40","date_gmt":"2015-08-04T14:45:40","guid":{"rendered":"http:\/\/www.lagazza.ch\/?post_type=product&#038;p=299&#038;lang=de"},"modified":"2025-09-01T09:41:15","modified_gmt":"2025-09-01T07:41:15","slug":"miele-fior-di-montagna","status":"publish","type":"product","link":"https:\/\/www.lagazza.ch\/fr\/haendlershop\/honige-konfitueren\/miele-fior-di-montagna\/","title":{"rendered":"Miele fior di Montagna"},"content":{"rendered":"<p>Chez nous, les colonies d'abeilles sont d\u00e9plac\u00e9es aux meilleurs endroits en fonction de l'\u00e9tat des fleurs, ce qui nous permet de garantir un miel de premi\u00e8re qualit\u00e9. Toutes les vari\u00e9t\u00e9s de miel produites avec m\u00e9nagement, \u00e0 l'exception du miel de fleurs d'acacia, cristallisent, ce qui est un signe de leur caract\u00e8re naturel. Ne pas chauffer \u00e0 plus de 40\u00b0 afin de pr\u00e9server les pr\u00e9cieuses substances nutritives.<\/p>\n<p>Ce miel sombre est la somme de toutes les fleurs spontan\u00e9es qui colorent les prairies de montagne du Pi\u00e9mont en \u00e9t\u00e9.<\/p>","protected":false},"excerpt":{"rendered":"<p><strong>Miel de fleurs de montagne<\/strong><\/p>","protected":false},"featured_media":7686,"template":"","meta":[],"product_brand":[],"product_cat":[316],"product_tag":[],"class_list":{"0":"post-299","1":"product","2":"type-product","3":"status-publish","4":"has-post-thumbnail","6":"product_cat-honige-konfitueren","7":"pa_ernaehrungsangaben-glutenfrei","8":"pa_ernaehrungsangaben-vegetarisch","9":"pa_marke-cascina-san-giovanni","11":"first","12":"instock","13":"taxable","14":"shipping-taxable","15":"product-type-simple"},"_links":{"self":[{"href":"https:\/\/www.lagazza.ch\/fr\/wp-json\/wp\/v2\/product\/299","targetHints":{"allow":["GET"]}}],"collection":[{"href":"https:\/\/www.lagazza.ch\/fr\/wp-json\/wp\/v2\/product"}],"about":[{"href":"https:\/\/www.lagazza.ch\/fr\/wp-json\/wp\/v2\/types\/product"}],"wp:featuredmedia":[{"embeddable":true,"href":"https:\/\/www.lagazza.ch\/fr\/wp-json\/wp\/v2\/media\/7686"}],"wp:attachment":[{"href":"https:\/\/www.lagazza.ch\/fr\/wp-json\/wp\/v2\/media?parent=299"}],"wp:term":[{"taxonomy":"product_brand","embeddable":true,"href":"https:\/\/www.lagazza.ch\/fr\/wp-json\/wp\/v2\/product_brand?post=299"},{"taxonomy":"product_cat","embeddable":true,"href":"https:\/\/www.lagazza.ch\/fr\/wp-json\/wp\/v2\/product_cat?post=299"},{"taxonomy":"product_tag","embeddable":true,"href":"https:\/\/www.lagazza.ch\/fr\/wp-json\/wp\/v2\/product_tag?post=299"}],"curies":[{"name":"wp","href":"https:\/\/api.w.org\/{rel}","templated":true}]}}