{"id":2859,"date":"2016-03-22T08:03:13","date_gmt":"2016-03-22T08:03:13","guid":{"rendered":"http:\/\/www.lagazza.com\/shop\/geschenkboxen\/geschenkbox-laura-iii\/"},"modified":"2024-07-18T14:26:20","modified_gmt":"2024-07-18T14:26:20","slug":"aceti-e-olio-in-bottiglia-speciale-laura","status":"publish","type":"product","link":"https:\/\/www.lagazza.ch\/fr\/haendlershop\/geschenkboxen\/aceti-e-olio-in-bottiglia-speciale-laura\/","title":{"rendered":"Aceti e olio in bottiglia speciale Laura"},"content":{"rendered":"","protected":false},"excerpt":{"rendered":"<p><strong>Coffret cadeau Vinaigres et huiles en flacons sp\u00e9ciaux Laura<\/strong><br \/>\nVinaigre balsamique de Mod\u00e8ne IGP 3 feuilles, huile d'olive extra vierge, pr\u00e9paration \u00e0 base de vinaigre de vin blanc et de mo\u00fbt de raisin.<\/p>","protected":false},"featured_media":17341,"template":"","meta":[],"product_brand":[],"product_cat":[313],"product_tag":[],"class_list":{"0":"post-2859","1":"product","2":"type-product","3":"status-publish","4":"has-post-thumbnail","6":"product_cat-geschenkboxen","7":"pa_ernaehrungsangaben-glutenfrei","8":"pa_ernaehrungsangaben-vegetarisch","9":"pa_ernaehrungsangaben-vegan","10":"pa_marke-cascina-san-giovanni","12":"first","13":"instock","14":"taxable","15":"shipping-taxable","16":"product-type-simple"},"_links":{"self":[{"href":"https:\/\/www.lagazza.ch\/fr\/wp-json\/wp\/v2\/product\/2859","targetHints":{"allow":["GET"]}}],"collection":[{"href":"https:\/\/www.lagazza.ch\/fr\/wp-json\/wp\/v2\/product"}],"about":[{"href":"https:\/\/www.lagazza.ch\/fr\/wp-json\/wp\/v2\/types\/product"}],"wp:featuredmedia":[{"embeddable":true,"href":"https:\/\/www.lagazza.ch\/fr\/wp-json\/wp\/v2\/media\/17341"}],"wp:attachment":[{"href":"https:\/\/www.lagazza.ch\/fr\/wp-json\/wp\/v2\/media?parent=2859"}],"wp:term":[{"taxonomy":"product_brand","embeddable":true,"href":"https:\/\/www.lagazza.ch\/fr\/wp-json\/wp\/v2\/product_brand?post=2859"},{"taxonomy":"product_cat","embeddable":true,"href":"https:\/\/www.lagazza.ch\/fr\/wp-json\/wp\/v2\/product_cat?post=2859"},{"taxonomy":"product_tag","embeddable":true,"href":"https:\/\/www.lagazza.ch\/fr\/wp-json\/wp\/v2\/product_tag?post=2859"}],"curies":[{"name":"wp","href":"https:\/\/api.w.org\/{rel}","templated":true}]}}