{"id":268,"date":"2015-08-04T07:34:05","date_gmt":"2015-08-04T07:34:05","guid":{"rendered":"http:\/\/www.lagazza.ch\/?post_type=product&#038;p=268&#038;lang=de"},"modified":"2025-09-01T09:19:01","modified_gmt":"2025-09-01T07:19:01","slug":"aceto-balsamico-di-modena-igp-bio","status":"publish","type":"product","link":"https:\/\/www.lagazza.ch\/fr\/haendlershop\/essige\/aceto-balsamico-di-modena-igp-bio\/","title":{"rendered":"Aceto balsamico di Modena I.G.P. Bio"},"content":{"rendered":"<p>L'Aceto balsamico di Modena Bio est le r\u00e9sultat d'une pr\u00e9paration lente et d\u00e9licate du mo\u00fbt de raisins bio s\u00e9lectionn\u00e9s. La maturation minutieuse en f\u00fbts de bois porte ce vinaigre \u00e0 la perfection. Les recettes familiales jalousement gard\u00e9es, transmises de g\u00e9n\u00e9ration en g\u00e9n\u00e9ration, garantissent un produit d'une qualit\u00e9 et d'une distinction exceptionnelles. Nos vinaigres balsamiques bio ne sont pas pasteuris\u00e9s (traitement thermique), ce qui permet de pr\u00e9server leur haute valeur nutritive.<\/p>","protected":false},"excerpt":{"rendered":"<p><strong>Vinaigre balsamique de Mod\u00e8ne IGP<\/strong><br \/>\nIngr\u00e9dients : vinaigre de vin biologique, mo\u00fbt de raisin concentr\u00e9 et cuit biologique.<\/p>","protected":false},"featured_media":7425,"template":"","meta":[],"product_brand":[],"product_cat":[656],"product_tag":[],"class_list":{"0":"post-268","1":"product","2":"type-product","3":"status-publish","4":"has-post-thumbnail","6":"product_cat-essige","7":"pa_ernaehrungsangaben-glutenfrei","8":"pa_ernaehrungsangaben-biologisch","9":"pa_ernaehrungsangaben-vegetarisch","10":"pa_ernaehrungsangaben-vegan","11":"pa_marke-cascina-san-giovanni","13":"first","14":"instock","15":"taxable","16":"shipping-taxable","17":"product-type-simple"},"_links":{"self":[{"href":"https:\/\/www.lagazza.ch\/fr\/wp-json\/wp\/v2\/product\/268","targetHints":{"allow":["GET"]}}],"collection":[{"href":"https:\/\/www.lagazza.ch\/fr\/wp-json\/wp\/v2\/product"}],"about":[{"href":"https:\/\/www.lagazza.ch\/fr\/wp-json\/wp\/v2\/types\/product"}],"wp:featuredmedia":[{"embeddable":true,"href":"https:\/\/www.lagazza.ch\/fr\/wp-json\/wp\/v2\/media\/7425"}],"wp:attachment":[{"href":"https:\/\/www.lagazza.ch\/fr\/wp-json\/wp\/v2\/media?parent=268"}],"wp:term":[{"taxonomy":"product_brand","embeddable":true,"href":"https:\/\/www.lagazza.ch\/fr\/wp-json\/wp\/v2\/product_brand?post=268"},{"taxonomy":"product_cat","embeddable":true,"href":"https:\/\/www.lagazza.ch\/fr\/wp-json\/wp\/v2\/product_cat?post=268"},{"taxonomy":"product_tag","embeddable":true,"href":"https:\/\/www.lagazza.ch\/fr\/wp-json\/wp\/v2\/product_tag?post=268"}],"curies":[{"name":"wp","href":"https:\/\/api.w.org\/{rel}","templated":true}]}}