{"id":267,"date":"2015-08-04T07:31:47","date_gmt":"2015-08-04T07:31:47","guid":{"rendered":"http:\/\/www.lagazza.ch\/?post_type=product&#038;p=267&#038;lang=de"},"modified":"2024-09-30T11:51:59","modified_gmt":"2024-09-30T09:51:59","slug":"olio-extravergine-di-oliva-bio","status":"publish","type":"product","link":"https:\/\/www.lagazza.ch\/fr\/haendlershop\/olivenoele\/olio-extravergine-di-oliva-bio\/","title":{"rendered":"Olio extravergine di oliva Bio"},"content":{"rendered":"<p>L'huile d'olive vierge extra issue de l'agriculture biologique est compos\u00e9e des vari\u00e9t\u00e9s Picholine, Carolea, Leccino, Nociara, Cellino et Olivastra provenant de la Vall\u00e9e d'Itria et des r\u00e9gions environnantes des Pouilles, en Italie. Les olives sont r\u00e9colt\u00e9es \u00e0 la main ou avec des filets vibrants et sont extraites \u00e0 froid (press\u00e9es \u00e0 froid). Un proc\u00e9d\u00e9 purement m\u00e9canique et doux pour pr\u00e9server l'int\u00e9gralit\u00e9 des substances b\u00e9n\u00e9fiques pour la sant\u00e9 des olives.<\/p>","protected":false},"excerpt":{"rendered":"<p><strong>Huile d'olive extra vierge<\/strong><br \/>\nExtraction \u00e0 froid, premi\u00e8re cat\u00e9gorie de qualit\u00e9, obtenue directement des olives exclusivement par des proc\u00e9d\u00e9s m\u00e9caniques.<\/p>","protected":false},"featured_media":7427,"template":"","meta":[],"product_brand":[],"product_cat":[728],"product_tag":[],"class_list":{"0":"post-267","1":"product","2":"type-product","3":"status-publish","4":"has-post-thumbnail","6":"product_cat-olivenoele","7":"pa_ernaehrungsangaben-glutenfrei","8":"pa_ernaehrungsangaben-biologisch","9":"pa_ernaehrungsangaben-vegetarisch","10":"pa_ernaehrungsangaben-vegan","11":"pa_marke-cascina-san-giovanni","13":"first","14":"instock","15":"taxable","16":"shipping-taxable","17":"product-type-simple"},"_links":{"self":[{"href":"https:\/\/www.lagazza.ch\/fr\/wp-json\/wp\/v2\/product\/267","targetHints":{"allow":["GET"]}}],"collection":[{"href":"https:\/\/www.lagazza.ch\/fr\/wp-json\/wp\/v2\/product"}],"about":[{"href":"https:\/\/www.lagazza.ch\/fr\/wp-json\/wp\/v2\/types\/product"}],"wp:featuredmedia":[{"embeddable":true,"href":"https:\/\/www.lagazza.ch\/fr\/wp-json\/wp\/v2\/media\/7427"}],"wp:attachment":[{"href":"https:\/\/www.lagazza.ch\/fr\/wp-json\/wp\/v2\/media?parent=267"}],"wp:term":[{"taxonomy":"product_brand","embeddable":true,"href":"https:\/\/www.lagazza.ch\/fr\/wp-json\/wp\/v2\/product_brand?post=267"},{"taxonomy":"product_cat","embeddable":true,"href":"https:\/\/www.lagazza.ch\/fr\/wp-json\/wp\/v2\/product_cat?post=267"},{"taxonomy":"product_tag","embeddable":true,"href":"https:\/\/www.lagazza.ch\/fr\/wp-json\/wp\/v2\/product_tag?post=267"}],"curies":[{"name":"wp","href":"https:\/\/api.w.org\/{rel}","templated":true}]}}