{"id":266,"date":"2015-08-04T07:29:38","date_gmt":"2015-08-04T07:29:38","guid":{"rendered":"http:\/\/www.lagazza.ch\/?post_type=product&#038;p=266&#038;lang=de"},"modified":"2024-09-30T11:47:56","modified_gmt":"2024-09-30T09:47:56","slug":"tagliatelle-all-uovo-bio","status":"publish","type":"product","link":"https:\/\/www.lagazza.ch\/fr\/haendlershop\/pasta\/tagliatelle-all-uovo-bio\/","title":{"rendered":"Tagliatelle all'uovo Bio"},"content":{"rendered":"<p>Fabriqu\u00e9es \u00e0 partir de semoule de bl\u00e9 dur italienne certifi\u00e9e et d'\u0153ufs bio de poules \u00e9lev\u00e9es en plein air, nos p\u00e2tes bio sont press\u00e9es selon la tradition \u00e0 travers des moules en bronze, tendues sur des cadres et s\u00e9ch\u00e9es lentement \u00e0 basse temp\u00e9rature pendant 18 heures. Leur surface rugueuse et mate les rend parfaites pour l'adh\u00e9rence des sauces.<\/p>","protected":false},"excerpt":{"rendered":"<p><strong>Nouilles aux \u0153ufs \"Tagliatelle<\/strong><br \/>\nIngr\u00e9dients : Semoule de bl\u00e9 dur, \u0153ufs.<\/p>","protected":false},"featured_media":7409,"template":"","meta":[],"product_brand":[],"product_cat":[657],"product_tag":[],"class_list":{"0":"post-266","1":"product","2":"type-product","3":"status-publish","4":"has-post-thumbnail","6":"product_cat-pasta","7":"pa_ernaehrungsangaben-biologisch","8":"pa_ernaehrungsangaben-vegetarisch","9":"pa_marke-cascina-san-giovanni","11":"first","12":"instock","13":"taxable","14":"shipping-taxable","15":"product-type-simple"},"_links":{"self":[{"href":"https:\/\/www.lagazza.ch\/fr\/wp-json\/wp\/v2\/product\/266","targetHints":{"allow":["GET"]}}],"collection":[{"href":"https:\/\/www.lagazza.ch\/fr\/wp-json\/wp\/v2\/product"}],"about":[{"href":"https:\/\/www.lagazza.ch\/fr\/wp-json\/wp\/v2\/types\/product"}],"wp:featuredmedia":[{"embeddable":true,"href":"https:\/\/www.lagazza.ch\/fr\/wp-json\/wp\/v2\/media\/7409"}],"wp:attachment":[{"href":"https:\/\/www.lagazza.ch\/fr\/wp-json\/wp\/v2\/media?parent=266"}],"wp:term":[{"taxonomy":"product_brand","embeddable":true,"href":"https:\/\/www.lagazza.ch\/fr\/wp-json\/wp\/v2\/product_brand?post=266"},{"taxonomy":"product_cat","embeddable":true,"href":"https:\/\/www.lagazza.ch\/fr\/wp-json\/wp\/v2\/product_cat?post=266"},{"taxonomy":"product_tag","embeddable":true,"href":"https:\/\/www.lagazza.ch\/fr\/wp-json\/wp\/v2\/product_tag?post=266"}],"curies":[{"name":"wp","href":"https:\/\/api.w.org\/{rel}","templated":true}]}}