{"id":261,"date":"2015-08-04T07:18:15","date_gmt":"2015-08-04T07:18:15","guid":{"rendered":"http:\/\/www.lagazza.ch\/?post_type=product&#038;p=261&#038;lang=de"},"modified":"2026-04-02T10:38:57","modified_gmt":"2026-04-02T08:38:57","slug":"polpa-di-pomodoro-bio","status":"publish","type":"product","link":"https:\/\/www.lagazza.ch\/fr\/haendlershop\/tomatensaucen-pesto\/polpa-di-pomodoro-bio\/","title":{"rendered":"Polpa di pomodoro Bio"},"content":{"rendered":"<p>Notre ligne bio est produite dans la province de Livourne par une entreprise familiale, avec soin et amour du m\u00e9tier. Les tomates proviennent d'exploitations agricoles toscanes certifi\u00e9es, sont fra\u00eechement r\u00e9colt\u00e9es et rapidement transform\u00e9es, coup\u00e9es en morceaux, cuites \u00e0 basse temp\u00e9rature pour pr\u00e9server leur ar\u00f4me naturel et assaisonn\u00e9es de basilic frais et de sel marin.<\/p>","protected":false},"excerpt":{"rendered":"<p><strong>Pulpe de tomate au basilic<\/strong><br \/>\nIngr\u00e9dients : Tomates, basilic, sel.<\/p>","protected":false},"featured_media":7428,"template":"","meta":[],"product_brand":[],"product_cat":[658],"product_tag":[],"class_list":{"0":"post-261","1":"product","2":"type-product","3":"status-publish","4":"has-post-thumbnail","6":"product_cat-tomatensaucen-pesto","7":"pa_ernaehrungsangaben-glutenfrei","8":"pa_ernaehrungsangaben-biologisch","9":"pa_ernaehrungsangaben-vegetarisch","10":"pa_ernaehrungsangaben-vegan","11":"pa_marke-cascina-san-giovanni","13":"first","14":"instock","15":"taxable","16":"shipping-taxable","17":"product-type-simple"},"_links":{"self":[{"href":"https:\/\/www.lagazza.ch\/fr\/wp-json\/wp\/v2\/product\/261","targetHints":{"allow":["GET"]}}],"collection":[{"href":"https:\/\/www.lagazza.ch\/fr\/wp-json\/wp\/v2\/product"}],"about":[{"href":"https:\/\/www.lagazza.ch\/fr\/wp-json\/wp\/v2\/types\/product"}],"wp:featuredmedia":[{"embeddable":true,"href":"https:\/\/www.lagazza.ch\/fr\/wp-json\/wp\/v2\/media\/7428"}],"wp:attachment":[{"href":"https:\/\/www.lagazza.ch\/fr\/wp-json\/wp\/v2\/media?parent=261"}],"wp:term":[{"taxonomy":"product_brand","embeddable":true,"href":"https:\/\/www.lagazza.ch\/fr\/wp-json\/wp\/v2\/product_brand?post=261"},{"taxonomy":"product_cat","embeddable":true,"href":"https:\/\/www.lagazza.ch\/fr\/wp-json\/wp\/v2\/product_cat?post=261"},{"taxonomy":"product_tag","embeddable":true,"href":"https:\/\/www.lagazza.ch\/fr\/wp-json\/wp\/v2\/product_tag?post=261"}],"curies":[{"name":"wp","href":"https:\/\/api.w.org\/{rel}","templated":true}]}}