{"id":255,"date":"2015-08-04T07:03:48","date_gmt":"2015-08-04T07:03:48","guid":{"rendered":"http:\/\/www.lagazza.ch\/?post_type=product&#038;p=255&#038;lang=de"},"modified":"2026-04-02T10:36:54","modified_gmt":"2026-04-02T08:36:54","slug":"sugo-all-arrabbiata-bio","status":"publish","type":"product","link":"https:\/\/www.lagazza.ch\/fr\/haendlershop\/tomatensaucen-pesto\/sugo-all-arrabbiata-bio\/","title":{"rendered":"Sugo all'arrabbiata Bio"},"content":{"rendered":"<p>Notre ligne bio est produite dans la province de Livourne par une entreprise familiale qui travaille avec soin et amour du m\u00e9tier. Les tomates proviennent d'exploitations agricoles toscanes certifi\u00e9es, sont fra\u00eechement r\u00e9colt\u00e9es et rapidement transform\u00e9es, puis cuites \u00e0 basse temp\u00e9rature afin de pr\u00e9server leur ar\u00f4me naturel. Selon le sugo, on utilise des ingr\u00e9dients frais comme le basilic, les aubergines, les olives, l'ail, les oignons, les carottes, le c\u00e9leri et les piments.<\/p>","protected":false},"excerpt":{"rendered":"<p><strong>Sauce tomate piquante<\/strong><br \/>\nIngr\u00e9dients : Tomates, olives, oignons, carottes, c\u00e9leri, basilic, huile d'olive extra vierge, sel, ail, piment.<\/p>","protected":false},"featured_media":7401,"template":"","meta":[],"product_brand":[],"product_cat":[658],"product_tag":[],"class_list":{"0":"post-255","1":"product","2":"type-product","3":"status-publish","4":"has-post-thumbnail","6":"product_cat-tomatensaucen-pesto","7":"pa_ernaehrungsangaben-glutenfrei","8":"pa_ernaehrungsangaben-biologisch","9":"pa_ernaehrungsangaben-vegetarisch","10":"pa_ernaehrungsangaben-vegan","11":"pa_marke-cascina-san-giovanni","13":"first","14":"instock","15":"taxable","16":"shipping-taxable","17":"product-type-simple"},"_links":{"self":[{"href":"https:\/\/www.lagazza.ch\/fr\/wp-json\/wp\/v2\/product\/255","targetHints":{"allow":["GET"]}}],"collection":[{"href":"https:\/\/www.lagazza.ch\/fr\/wp-json\/wp\/v2\/product"}],"about":[{"href":"https:\/\/www.lagazza.ch\/fr\/wp-json\/wp\/v2\/types\/product"}],"wp:featuredmedia":[{"embeddable":true,"href":"https:\/\/www.lagazza.ch\/fr\/wp-json\/wp\/v2\/media\/7401"}],"wp:attachment":[{"href":"https:\/\/www.lagazza.ch\/fr\/wp-json\/wp\/v2\/media?parent=255"}],"wp:term":[{"taxonomy":"product_brand","embeddable":true,"href":"https:\/\/www.lagazza.ch\/fr\/wp-json\/wp\/v2\/product_brand?post=255"},{"taxonomy":"product_cat","embeddable":true,"href":"https:\/\/www.lagazza.ch\/fr\/wp-json\/wp\/v2\/product_cat?post=255"},{"taxonomy":"product_tag","embeddable":true,"href":"https:\/\/www.lagazza.ch\/fr\/wp-json\/wp\/v2\/product_tag?post=255"}],"curies":[{"name":"wp","href":"https:\/\/api.w.org\/{rel}","templated":true}]}}