{"id":234,"date":"2015-08-03T20:23:12","date_gmt":"2015-08-03T20:23:12","guid":{"rendered":"http:\/\/www.lagazza.ch\/?post_type=product&#038;p=234&#038;lang=de"},"modified":"2024-10-01T09:44:30","modified_gmt":"2024-10-01T07:44:30","slug":"origano-di-montagna","status":"publish","type":"product","link":"https:\/\/www.lagazza.ch\/fr\/haendlershop\/salze-kraeuter-gewuerze\/origano-di-montagna\/","title":{"rendered":"Origan de montagne"},"content":{"rendered":"<p>Les herbes et les \u00e9pices donnent vie \u00e0 la cuisine. Qu'il s'agisse de thym, de piment, de romarin, de sauge... - elles donnent aux plats un go\u00fbt inimitable.<\/p>\n<p>Origan sauvage des montagnes de Calabre, s\u00e9ch\u00e9 et li\u00e9 en bouquet. La saveur de cette herbe typiquement m\u00e9diterran\u00e9enne est concentr\u00e9e dans les fleurs, qui doivent toujours \u00eatre utilis\u00e9es avec les feuilles.<\/p>","protected":false},"excerpt":{"rendered":"<p><strong>Origan s\u00e9ch\u00e9<\/strong><\/p>","protected":false},"featured_media":7763,"template":"","meta":[],"product_brand":[],"product_cat":[484],"product_tag":[],"class_list":{"0":"post-234","1":"product","2":"type-product","3":"status-publish","4":"has-post-thumbnail","6":"product_cat-salze-kraeuter-gewuerze","7":"pa_ernaehrungsangaben-glutenfrei","8":"pa_ernaehrungsangaben-vegetarisch","9":"pa_ernaehrungsangaben-vegan","10":"pa_marke-cascina-san-giovanni","12":"first","13":"instock","14":"taxable","15":"shipping-taxable","16":"product-type-simple"},"_links":{"self":[{"href":"https:\/\/www.lagazza.ch\/fr\/wp-json\/wp\/v2\/product\/234","targetHints":{"allow":["GET"]}}],"collection":[{"href":"https:\/\/www.lagazza.ch\/fr\/wp-json\/wp\/v2\/product"}],"about":[{"href":"https:\/\/www.lagazza.ch\/fr\/wp-json\/wp\/v2\/types\/product"}],"wp:featuredmedia":[{"embeddable":true,"href":"https:\/\/www.lagazza.ch\/fr\/wp-json\/wp\/v2\/media\/7763"}],"wp:attachment":[{"href":"https:\/\/www.lagazza.ch\/fr\/wp-json\/wp\/v2\/media?parent=234"}],"wp:term":[{"taxonomy":"product_brand","embeddable":true,"href":"https:\/\/www.lagazza.ch\/fr\/wp-json\/wp\/v2\/product_brand?post=234"},{"taxonomy":"product_cat","embeddable":true,"href":"https:\/\/www.lagazza.ch\/fr\/wp-json\/wp\/v2\/product_cat?post=234"},{"taxonomy":"product_tag","embeddable":true,"href":"https:\/\/www.lagazza.ch\/fr\/wp-json\/wp\/v2\/product_tag?post=234"}],"curies":[{"name":"wp","href":"https:\/\/api.w.org\/{rel}","templated":true}]}}