{"id":2095,"date":"2015-10-23T05:12:29","date_gmt":"2015-10-23T05:12:29","guid":{"rendered":"http:\/\/www.lagazza.com\/?post_type=product&#038;p=2095"},"modified":"2024-09-30T15:54:35","modified_gmt":"2024-09-30T13:54:35","slug":"amaretti-di-sasello-alla-mandorla","status":"publish","type":"product","link":"https:\/\/www.lagazza.ch\/fr\/haendlershop\/dolci\/amaretti-di-sasello-alla-mandorla\/","title":{"rendered":"Amaretti de Sassello \u00e0 la mandorle"},"content":{"rendered":"<p>Le secret de ce d\u00e9lice ?<br \/>\nC'est simple : l'utilisation des meilleurs ingr\u00e9dients, \u00e9labor\u00e9s uniquement \u00e0 partir des produits les plus fins de premier choix, et une transformation en grande partie manuelle, comme au bon vieux temps. Originaire de Sassello, son go\u00fbt a conquis le monde entier.<\/p>\n<p>Cette d\u00e9licieuse friandise est fabriqu\u00e9e selon une ancienne recette traditionnelle \u00e0 partir de quelques ingr\u00e9dients naturels. Les amandes, les noyaux d'abricots, le sucre et le blanc d'\u0153uf sont trait\u00e9s de mani\u00e8re appropri\u00e9e et cuits au four.<\/p>","protected":false},"excerpt":{"rendered":"<p><strong>Amaretti<\/strong><br \/>\nIngr\u00e9dients : sucre, noyaux d'abricot, blanc d'\u0153uf, amandes.<\/p>","protected":false},"featured_media":7446,"template":"","meta":[],"product_brand":[],"product_cat":[483],"product_tag":[],"class_list":{"0":"post-2095","1":"product","2":"type-product","3":"status-publish","4":"has-post-thumbnail","6":"product_cat-dolci","7":"pa_ernaehrungsangaben-glutenfrei","8":"pa_ernaehrungsangaben-vegetarisch","9":"pa_marke-cascina-san-giovanni","11":"first","12":"instock","13":"taxable","14":"shipping-taxable","15":"product-type-simple"},"_links":{"self":[{"href":"https:\/\/www.lagazza.ch\/fr\/wp-json\/wp\/v2\/product\/2095","targetHints":{"allow":["GET"]}}],"collection":[{"href":"https:\/\/www.lagazza.ch\/fr\/wp-json\/wp\/v2\/product"}],"about":[{"href":"https:\/\/www.lagazza.ch\/fr\/wp-json\/wp\/v2\/types\/product"}],"wp:featuredmedia":[{"embeddable":true,"href":"https:\/\/www.lagazza.ch\/fr\/wp-json\/wp\/v2\/media\/7446"}],"wp:attachment":[{"href":"https:\/\/www.lagazza.ch\/fr\/wp-json\/wp\/v2\/media?parent=2095"}],"wp:term":[{"taxonomy":"product_brand","embeddable":true,"href":"https:\/\/www.lagazza.ch\/fr\/wp-json\/wp\/v2\/product_brand?post=2095"},{"taxonomy":"product_cat","embeddable":true,"href":"https:\/\/www.lagazza.ch\/fr\/wp-json\/wp\/v2\/product_cat?post=2095"},{"taxonomy":"product_tag","embeddable":true,"href":"https:\/\/www.lagazza.ch\/fr\/wp-json\/wp\/v2\/product_tag?post=2095"}],"curies":[{"name":"wp","href":"https:\/\/api.w.org\/{rel}","templated":true}]}}