{"id":189,"date":"2015-07-30T22:18:06","date_gmt":"2015-07-30T22:18:06","guid":{"rendered":"http:\/\/www.lagazza.ch\/?post_type=product&#038;p=189&#038;lang=de"},"modified":"2024-06-24T16:00:51","modified_gmt":"2024-06-24T16:00:51","slug":"stelle-alpine-multicolore","status":"publish","type":"product","link":"https:\/\/www.lagazza.ch\/fr\/haendlershop\/pasta\/stelle-alpine-multicolore\/","title":{"rendered":"Stelle alpine (multicolore)"},"content":{"rendered":"<p>Notre p\u00e2te \u00e0 p\u00e2tes est fabriqu\u00e9e \u00e0 partir de semoule de bl\u00e9 dur italienne et d'eau de source pure. Elle est color\u00e9e exclusivement avec des produits naturels. L'extraction par un moule en bronze donne une surface rugueuse, si importante pour l'adh\u00e9rence de la sauce. Le processus de s\u00e9chage lent \u00e0 basse temp\u00e9rature permet de conserver les pr\u00e9cieux nutriments et de garder les p\u00e2tes \"al dente\" lors de la cuisson.<\/p>","protected":false},"excerpt":{"rendered":"<p><strong>P\u00e2tes multicolores au bl\u00e9 dur Edelweiss<\/strong><br \/>\nIngr\u00e9dients : Semoule de bl\u00e9 dur, tomates, \u00e9pinards, betteraves rouges, curcuma en poudre, eau.<\/p>","protected":false},"featured_media":16098,"template":"","meta":[],"product_brand":[],"product_cat":[657],"product_tag":[],"class_list":{"0":"post-189","1":"product","2":"type-product","3":"status-publish","4":"has-post-thumbnail","6":"product_cat-pasta","7":"pa_ernaehrungsangaben-vegetarisch","8":"pa_ernaehrungsangaben-vegan","9":"pa_marke-cascina-san-giovanni","11":"first","12":"instock","13":"taxable","14":"shipping-taxable","15":"product-type-simple"},"_links":{"self":[{"href":"https:\/\/www.lagazza.ch\/fr\/wp-json\/wp\/v2\/product\/189","targetHints":{"allow":["GET"]}}],"collection":[{"href":"https:\/\/www.lagazza.ch\/fr\/wp-json\/wp\/v2\/product"}],"about":[{"href":"https:\/\/www.lagazza.ch\/fr\/wp-json\/wp\/v2\/types\/product"}],"wp:featuredmedia":[{"embeddable":true,"href":"https:\/\/www.lagazza.ch\/fr\/wp-json\/wp\/v2\/media\/16098"}],"wp:attachment":[{"href":"https:\/\/www.lagazza.ch\/fr\/wp-json\/wp\/v2\/media?parent=189"}],"wp:term":[{"taxonomy":"product_brand","embeddable":true,"href":"https:\/\/www.lagazza.ch\/fr\/wp-json\/wp\/v2\/product_brand?post=189"},{"taxonomy":"product_cat","embeddable":true,"href":"https:\/\/www.lagazza.ch\/fr\/wp-json\/wp\/v2\/product_cat?post=189"},{"taxonomy":"product_tag","embeddable":true,"href":"https:\/\/www.lagazza.ch\/fr\/wp-json\/wp\/v2\/product_tag?post=189"}],"curies":[{"name":"wp","href":"https:\/\/api.w.org\/{rel}","templated":true}]}}