{"id":17376,"date":"2024-04-15T09:43:05","date_gmt":"2024-04-15T09:43:05","guid":{"rendered":"https:\/\/lagazza.ch\/?post_type=product&#038;p=17376"},"modified":"2024-08-23T14:09:39","modified_gmt":"2024-08-23T14:09:39","slug":"tee-ei-aus-metall-5cm","status":"publish","type":"product","link":"https:\/\/www.lagazza.ch\/fr\/haendlershop\/nonfood\/tee-ei-aus-metall-5cm\/","title":{"rendered":"\u0152uf \u00e0 th\u00e9 en m\u00e9tal 5cm"},"content":{"rendered":"","protected":false},"excerpt":{"rendered":"<p><strong>\u0152uf \u00e0 th\u00e9 en m\u00e9tal 5cm<br \/>\n<\/strong><\/p>\n<p>&nbsp;<\/p>\n<p>&nbsp;<\/p>","protected":false},"featured_media":17379,"template":"","meta":[],"product_brand":[],"product_cat":[482],"product_tag":[],"class_list":{"0":"post-17376","1":"product","2":"type-product","3":"status-publish","4":"has-post-thumbnail","6":"product_cat-nonfood","8":"first","9":"instock","10":"taxable","11":"shipping-taxable","12":"product-type-simple"},"_links":{"self":[{"href":"https:\/\/www.lagazza.ch\/fr\/wp-json\/wp\/v2\/product\/17376","targetHints":{"allow":["GET"]}}],"collection":[{"href":"https:\/\/www.lagazza.ch\/fr\/wp-json\/wp\/v2\/product"}],"about":[{"href":"https:\/\/www.lagazza.ch\/fr\/wp-json\/wp\/v2\/types\/product"}],"wp:featuredmedia":[{"embeddable":true,"href":"https:\/\/www.lagazza.ch\/fr\/wp-json\/wp\/v2\/media\/17379"}],"wp:attachment":[{"href":"https:\/\/www.lagazza.ch\/fr\/wp-json\/wp\/v2\/media?parent=17376"}],"wp:term":[{"taxonomy":"product_brand","embeddable":true,"href":"https:\/\/www.lagazza.ch\/fr\/wp-json\/wp\/v2\/product_brand?post=17376"},{"taxonomy":"product_cat","embeddable":true,"href":"https:\/\/www.lagazza.ch\/fr\/wp-json\/wp\/v2\/product_cat?post=17376"},{"taxonomy":"product_tag","embeddable":true,"href":"https:\/\/www.lagazza.ch\/fr\/wp-json\/wp\/v2\/product_tag?post=17376"}],"curies":[{"name":"wp","href":"https:\/\/api.w.org\/{rel}","templated":true}]}}