{"id":16167,"date":"2022-07-22T08:37:02","date_gmt":"2022-07-22T08:37:02","guid":{"rendered":"https:\/\/lagazza.ch\/?post_type=product&#038;p=16167"},"modified":"2024-10-03T15:51:12","modified_gmt":"2024-10-03T13:51:12","slug":"erba-cipollina-csg-13","status":"publish","type":"product","link":"https:\/\/www.lagazza.ch\/fr\/haendlershop\/salze-kraeuter-gewuerze\/erba-cipollina-csg-13\/","title":{"rendered":"Erba cipollina"},"content":{"rendered":"<p>Ciboulette s\u00e9ch\u00e9e<\/p>\n<p>Les herbes et les \u00e9pices donnent vie \u00e0 la cuisine. Qu'il s'agisse de thym, de piment, de romarin ou de sauge, elles donnent aux plats un go\u00fbt inimitable.<\/p>","protected":false},"excerpt":{"rendered":"<p><strong>Ciboulette s\u00e9ch\u00e9e<\/strong><\/p>","protected":false},"featured_media":16178,"template":"","meta":[],"product_brand":[],"product_cat":[484],"product_tag":[],"class_list":{"0":"post-16167","1":"product","2":"type-product","3":"status-publish","4":"has-post-thumbnail","6":"product_cat-salze-kraeuter-gewuerze","7":"pa_ernaehrungsangaben-glutenfrei","8":"pa_ernaehrungsangaben-vegetarisch","9":"pa_ernaehrungsangaben-vegan","10":"pa_marke-cascina-san-giovanni","12":"first","13":"instock","14":"taxable","15":"shipping-taxable","16":"product-type-simple"},"_links":{"self":[{"href":"https:\/\/www.lagazza.ch\/fr\/wp-json\/wp\/v2\/product\/16167","targetHints":{"allow":["GET"]}}],"collection":[{"href":"https:\/\/www.lagazza.ch\/fr\/wp-json\/wp\/v2\/product"}],"about":[{"href":"https:\/\/www.lagazza.ch\/fr\/wp-json\/wp\/v2\/types\/product"}],"wp:featuredmedia":[{"embeddable":true,"href":"https:\/\/www.lagazza.ch\/fr\/wp-json\/wp\/v2\/media\/16178"}],"wp:attachment":[{"href":"https:\/\/www.lagazza.ch\/fr\/wp-json\/wp\/v2\/media?parent=16167"}],"wp:term":[{"taxonomy":"product_brand","embeddable":true,"href":"https:\/\/www.lagazza.ch\/fr\/wp-json\/wp\/v2\/product_brand?post=16167"},{"taxonomy":"product_cat","embeddable":true,"href":"https:\/\/www.lagazza.ch\/fr\/wp-json\/wp\/v2\/product_cat?post=16167"},{"taxonomy":"product_tag","embeddable":true,"href":"https:\/\/www.lagazza.ch\/fr\/wp-json\/wp\/v2\/product_tag?post=16167"}],"curies":[{"name":"wp","href":"https:\/\/api.w.org\/{rel}","templated":true}]}}