{"id":16015,"date":"2022-03-31T07:14:37","date_gmt":"2022-03-31T07:14:37","guid":{"rendered":"https:\/\/lagazza.ch\/?post_type=product&#038;p=16015"},"modified":"2026-04-02T10:30:39","modified_gmt":"2026-04-02T08:30:39","slug":"carciofini-sott-olio-1500-csg","status":"publish","type":"product","link":"https:\/\/www.lagazza.ch\/fr\/haendlershop\/antipasti\/carciofini-sott-olio-1500-csg\/","title":{"rendered":"Carciofini sott'olio (huile d'olive)"},"content":{"rendered":"<p>Seuls les c\u0153urs des artichauts frais, r\u00e9colt\u00e9s \u00e0 la main, sont utilis\u00e9s dans le cadre d'un processus complexe. Ils sont parfaitement cuits et conserv\u00e9s avec de l'huile et des herbes.<\/p>","protected":false},"excerpt":{"rendered":"<p><strong>Artichauts \u00e0 l'huile<\/strong><br \/>\nIngr\u00e9dients : Artichauts, huile de tournesol, herbes, sel.<\/p>","protected":false},"featured_media":16016,"template":"","meta":[],"product_brand":[],"product_cat":[486],"product_tag":[],"class_list":{"0":"post-16015","1":"product","2":"type-product","3":"status-publish","4":"has-post-thumbnail","6":"product_cat-antipasti","7":"pa_ernaehrungsangaben-glutenfrei","8":"pa_ernaehrungsangaben-vegetarisch","9":"pa_ernaehrungsangaben-vegan","10":"pa_marke-cascina-san-giovanni","12":"first","13":"instock","14":"taxable","15":"shipping-taxable","16":"product-type-simple"},"_links":{"self":[{"href":"https:\/\/www.lagazza.ch\/fr\/wp-json\/wp\/v2\/product\/16015","targetHints":{"allow":["GET"]}}],"collection":[{"href":"https:\/\/www.lagazza.ch\/fr\/wp-json\/wp\/v2\/product"}],"about":[{"href":"https:\/\/www.lagazza.ch\/fr\/wp-json\/wp\/v2\/types\/product"}],"wp:featuredmedia":[{"embeddable":true,"href":"https:\/\/www.lagazza.ch\/fr\/wp-json\/wp\/v2\/media\/16016"}],"wp:attachment":[{"href":"https:\/\/www.lagazza.ch\/fr\/wp-json\/wp\/v2\/media?parent=16015"}],"wp:term":[{"taxonomy":"product_brand","embeddable":true,"href":"https:\/\/www.lagazza.ch\/fr\/wp-json\/wp\/v2\/product_brand?post=16015"},{"taxonomy":"product_cat","embeddable":true,"href":"https:\/\/www.lagazza.ch\/fr\/wp-json\/wp\/v2\/product_cat?post=16015"},{"taxonomy":"product_tag","embeddable":true,"href":"https:\/\/www.lagazza.ch\/fr\/wp-json\/wp\/v2\/product_tag?post=16015"}],"curies":[{"name":"wp","href":"https:\/\/api.w.org\/{rel}","templated":true}]}}