{"id":16014,"date":"2022-03-25T16:02:37","date_gmt":"2022-03-25T16:02:37","guid":{"rendered":"https:\/\/lagazza.ch\/?post_type=product&#038;p=16014"},"modified":"2026-04-02T10:29:37","modified_gmt":"2026-04-02T08:29:37","slug":"antipasto-di-verdura-1000-csg","status":"publish","type":"product","link":"https:\/\/www.lagazza.ch\/fr\/haendlershop\/antipasti\/antipasto-di-verdura-1000-csg\/","title":{"rendered":"Antipasto di verdura"},"content":{"rendered":"<p>Notre entr\u00e9e de l\u00e9gumes est un produit typiquement pi\u00e9montais compos\u00e9 de l\u00e9gumes mixtes fra\u00eechement cueillis et d'une sauce tomate italienne \u00e9pic\u00e9e. Tr\u00e8s appr\u00e9ci\u00e9e en Italie avec des \u0153ufs \u00e0 la coque et du thon.<\/p>","protected":false},"excerpt":{"rendered":"<p><strong>Entr\u00e9e de l\u00e9gumes<\/strong><br \/>\nIngr\u00e9dients : L\u00e9gumes (tomates, poivrons doux, carottes, c\u00e9leri, oignon, haricots, petits oignons, chou-fleur), olives, huile d'olive extra vierge, fines herbes, sel.<\/p>","protected":false},"featured_media":16013,"template":"","meta":[],"product_brand":[],"product_cat":[486],"product_tag":[],"class_list":{"0":"post-16014","1":"product","2":"type-product","3":"status-publish","4":"has-post-thumbnail","6":"product_cat-antipasti","7":"pa_ernaehrungsangaben-glutenfrei","8":"pa_ernaehrungsangaben-vegetarisch","9":"pa_ernaehrungsangaben-vegan","10":"pa_marke-cascina-san-giovanni","12":"first","13":"instock","14":"taxable","15":"shipping-taxable","16":"product-type-simple"},"_links":{"self":[{"href":"https:\/\/www.lagazza.ch\/fr\/wp-json\/wp\/v2\/product\/16014","targetHints":{"allow":["GET"]}}],"collection":[{"href":"https:\/\/www.lagazza.ch\/fr\/wp-json\/wp\/v2\/product"}],"about":[{"href":"https:\/\/www.lagazza.ch\/fr\/wp-json\/wp\/v2\/types\/product"}],"wp:featuredmedia":[{"embeddable":true,"href":"https:\/\/www.lagazza.ch\/fr\/wp-json\/wp\/v2\/media\/16013"}],"wp:attachment":[{"href":"https:\/\/www.lagazza.ch\/fr\/wp-json\/wp\/v2\/media?parent=16014"}],"wp:term":[{"taxonomy":"product_brand","embeddable":true,"href":"https:\/\/www.lagazza.ch\/fr\/wp-json\/wp\/v2\/product_brand?post=16014"},{"taxonomy":"product_cat","embeddable":true,"href":"https:\/\/www.lagazza.ch\/fr\/wp-json\/wp\/v2\/product_cat?post=16014"},{"taxonomy":"product_tag","embeddable":true,"href":"https:\/\/www.lagazza.ch\/fr\/wp-json\/wp\/v2\/product_tag?post=16014"}],"curies":[{"name":"wp","href":"https:\/\/api.w.org\/{rel}","templated":true}]}}