{"id":155,"date":"2015-07-29T19:22:53","date_gmt":"2015-07-29T19:22:53","guid":{"rendered":"http:\/\/www.lagazza.ch\/?post_type=product&#038;p=155&#038;lang=de"},"modified":"2024-08-29T14:06:26","modified_gmt":"2024-08-29T14:06:26","slug":"grissini-alle-olive","status":"publish","type":"product","link":"https:\/\/www.lagazza.ch\/fr\/haendlershop\/backwaren\/grissini-alle-olive\/","title":{"rendered":"Grissini alle olive"},"content":{"rendered":"<p>Fabriqu\u00e9s \u00e0 la main dans une petite boulangerie du Pi\u00e9mont, nos lingue, chiacchiere et grissini. Produits selon d'anciennes recettes transmises de g\u00e9n\u00e9ration en g\u00e9n\u00e9ration, avec des ingr\u00e9dients simples : une p\u00e2te \u00e0 base de farine, d'eau, de sel et d'huile d'olive, agr\u00e9ment\u00e9e au choix d'herbes aromatiques, d'olives, d'oignons et de graines de s\u00e9same. Ils sont cuits \u00e0 sec avec beaucoup d'huile d'olive et sont parfaits pour \u00eatre tremp\u00e9s dans des tartines de crostini ou simplement mang\u00e9s tels quels.<\/p>\n<p>Traditionnels, fa\u00e7onn\u00e9s \u00e0 la main et c\u00e9l\u00e8bres dans le monde entier pour les qualit\u00e9s suivantes : simplicit\u00e9, authenticit\u00e9, authenticit\u00e9. Avec des olives comme d\u00e9licieux compl\u00e9ment.<\/p>","protected":false},"excerpt":{"rendered":"<p><strong>B\u00e2tonnets de pain aux olives<\/strong><br \/>\nIngr\u00e9dients : Farine de bl\u00e9, huile d'olive extra vierge, levure de bi\u00e8re, sel, olives.<\/p>","protected":false},"featured_media":7467,"template":"","meta":[],"product_brand":[],"product_cat":[70],"product_tag":[],"class_list":{"0":"post-155","1":"product","2":"type-product","3":"status-publish","4":"has-post-thumbnail","6":"product_cat-backwaren","7":"pa_ernaehrungsangaben-vegetarisch","8":"pa_ernaehrungsangaben-vegan","9":"pa_marke-cascina-san-giovanni","11":"first","12":"instock","13":"taxable","14":"shipping-taxable","15":"product-type-simple"},"_links":{"self":[{"href":"https:\/\/www.lagazza.ch\/fr\/wp-json\/wp\/v2\/product\/155","targetHints":{"allow":["GET"]}}],"collection":[{"href":"https:\/\/www.lagazza.ch\/fr\/wp-json\/wp\/v2\/product"}],"about":[{"href":"https:\/\/www.lagazza.ch\/fr\/wp-json\/wp\/v2\/types\/product"}],"wp:featuredmedia":[{"embeddable":true,"href":"https:\/\/www.lagazza.ch\/fr\/wp-json\/wp\/v2\/media\/7467"}],"wp:attachment":[{"href":"https:\/\/www.lagazza.ch\/fr\/wp-json\/wp\/v2\/media?parent=155"}],"wp:term":[{"taxonomy":"product_brand","embeddable":true,"href":"https:\/\/www.lagazza.ch\/fr\/wp-json\/wp\/v2\/product_brand?post=155"},{"taxonomy":"product_cat","embeddable":true,"href":"https:\/\/www.lagazza.ch\/fr\/wp-json\/wp\/v2\/product_cat?post=155"},{"taxonomy":"product_tag","embeddable":true,"href":"https:\/\/www.lagazza.ch\/fr\/wp-json\/wp\/v2\/product_tag?post=155"}],"curies":[{"name":"wp","href":"https:\/\/api.w.org\/{rel}","templated":true}]}}