{"id":15130,"date":"2021-04-08T13:15:51","date_gmt":"2021-04-08T13:15:51","guid":{"rendered":"https:\/\/lagazza.ch\/?post_type=product&#038;p=15130"},"modified":"2024-09-27T15:31:50","modified_gmt":"2024-09-27T13:31:50","slug":"risotto-ai-funghi-porcini-lg","status":"publish","type":"product","link":"https:\/\/www.lagazza.ch\/fr\/haendlershop\/reis\/risotto-ai-funghi-porcini-lg\/","title":{"rendered":"Risotto ai funghi porcini"},"content":{"rendered":"<p>Mis en bouteille, nos m\u00e9langes de risotto pr\u00eats \u00e0 cuisiner se pr\u00e9sentent. Ils sont pr\u00e9par\u00e9s uniquement avec du riz italien Carnaroli et exclusivement des l\u00e9gumes et des fruits italiens, avec une pointe d'oignon ou de poireau selon le mode de pr\u00e9paration. Nous renon\u00e7ons totalement aux conservateurs et aux colorants.<\/p>","protected":false},"excerpt":{"rendered":"<p><strong>Risotto aux c\u00e8pes<\/strong><br \/>\nIngr\u00e9dients : Riz Carnaroli, c\u00e8pes, oignons.<\/p>","protected":false},"featured_media":15098,"template":"","meta":[],"product_brand":[],"product_cat":[683],"product_tag":[],"class_list":{"0":"post-15130","1":"product","2":"type-product","3":"status-publish","4":"has-post-thumbnail","6":"product_cat-reis","7":"pa_ernaehrungsangaben-glutenfrei","8":"pa_ernaehrungsangaben-vegetarisch","9":"pa_ernaehrungsangaben-vegan","10":"pa_marke-la-gazza","12":"first","13":"instock","14":"taxable","15":"shipping-taxable","16":"product-type-simple"},"_links":{"self":[{"href":"https:\/\/www.lagazza.ch\/fr\/wp-json\/wp\/v2\/product\/15130","targetHints":{"allow":["GET"]}}],"collection":[{"href":"https:\/\/www.lagazza.ch\/fr\/wp-json\/wp\/v2\/product"}],"about":[{"href":"https:\/\/www.lagazza.ch\/fr\/wp-json\/wp\/v2\/types\/product"}],"wp:featuredmedia":[{"embeddable":true,"href":"https:\/\/www.lagazza.ch\/fr\/wp-json\/wp\/v2\/media\/15098"}],"wp:attachment":[{"href":"https:\/\/www.lagazza.ch\/fr\/wp-json\/wp\/v2\/media?parent=15130"}],"wp:term":[{"taxonomy":"product_brand","embeddable":true,"href":"https:\/\/www.lagazza.ch\/fr\/wp-json\/wp\/v2\/product_brand?post=15130"},{"taxonomy":"product_cat","embeddable":true,"href":"https:\/\/www.lagazza.ch\/fr\/wp-json\/wp\/v2\/product_cat?post=15130"},{"taxonomy":"product_tag","embeddable":true,"href":"https:\/\/www.lagazza.ch\/fr\/wp-json\/wp\/v2\/product_tag?post=15130"}],"curies":[{"name":"wp","href":"https:\/\/api.w.org\/{rel}","templated":true}]}}