{"id":15054,"date":"2021-02-05T13:28:20","date_gmt":"2021-02-05T13:28:20","guid":{"rendered":"https:\/\/lagazza.ch\/?post_type=product&#038;p=15054"},"modified":"2026-04-02T10:41:03","modified_gmt":"2026-04-02T08:41:03","slug":"colomba-con-crema-di-gianduja","status":"publish","type":"product","link":"https:\/\/www.lagazza.ch\/fr\/haendlershop\/dolci\/colomba-con-crema-di-gianduja\/","title":{"rendered":"Colomba con crema di gianduja (cr\u00e8me de gianduja)"},"content":{"rendered":"<p>Le secret d'une bonne colomba r\u00e9side dans le \"lievito madre\", une levure naturelle obtenue \u00e0 partir d'un m\u00e9lange d'eau et de farine. Ce levain, produit vivant et \u00e2me de notre colombe, est multipli\u00e9 avec habilet\u00e9 et une attention constante. Un proc\u00e9d\u00e9 qui conf\u00e8re au g\u00e2teau son moelleux et sa structure alv\u00e9olaire typique, fa\u00e7onne sa forme et d\u00e9termine son ar\u00f4me. Chaque matin, la p\u00e2te est rafra\u00eechie avec de la farine et de l'eau, et apr\u00e8s la premi\u00e8re fermentation, une partie est mise de c\u00f4t\u00e9 pour \u00eatre produite le lendemain. Une continuit\u00e9 qui se poursuit dans le processus, qui respecte les lents temps de levage et de refroidissement. Dans le respect de la tradition ancestrale, plusieurs \u00e9tapes sont encore r\u00e9alis\u00e9es \u00e0 la main.<br \/>\nQu'ils soient classiques avec des fruits confits, \"pandorata\" ou affin\u00e9s avec diff\u00e9rents fourrages \u00e0 la cr\u00e8me, nos colombes sont de toute fa\u00e7on un d\u00e9lice particulier et ne doivent manquer \u00e0 aucune f\u00eate de P\u00e2ques !<\/p>","protected":false},"excerpt":{"rendered":"<p><strong>Colomba avec giandujacr\u00e8me<\/strong><br \/>\nIngr\u00e9dients : Farine de bl\u00e9, cr\u00e8me de giandujac, beurre, jaune d'\u0153uf, sucre, levure, sirop de sucre inverti, sel.<\/p>","protected":false},"featured_media":15050,"template":"","meta":[],"product_brand":[],"product_cat":[483],"product_tag":[],"class_list":{"0":"post-15054","1":"product","2":"type-product","3":"status-publish","4":"has-post-thumbnail","6":"product_cat-dolci","7":"pa_ernaehrungsangaben-vegetarisch","8":"pa_marke-cascina-san-giovanni","9":"pa_saison-ostern","11":"first","12":"instock","13":"taxable","14":"shipping-taxable","15":"product-type-simple"},"_links":{"self":[{"href":"https:\/\/www.lagazza.ch\/fr\/wp-json\/wp\/v2\/product\/15054","targetHints":{"allow":["GET"]}}],"collection":[{"href":"https:\/\/www.lagazza.ch\/fr\/wp-json\/wp\/v2\/product"}],"about":[{"href":"https:\/\/www.lagazza.ch\/fr\/wp-json\/wp\/v2\/types\/product"}],"wp:featuredmedia":[{"embeddable":true,"href":"https:\/\/www.lagazza.ch\/fr\/wp-json\/wp\/v2\/media\/15050"}],"wp:attachment":[{"href":"https:\/\/www.lagazza.ch\/fr\/wp-json\/wp\/v2\/media?parent=15054"}],"wp:term":[{"taxonomy":"product_brand","embeddable":true,"href":"https:\/\/www.lagazza.ch\/fr\/wp-json\/wp\/v2\/product_brand?post=15054"},{"taxonomy":"product_cat","embeddable":true,"href":"https:\/\/www.lagazza.ch\/fr\/wp-json\/wp\/v2\/product_cat?post=15054"},{"taxonomy":"product_tag","embeddable":true,"href":"https:\/\/www.lagazza.ch\/fr\/wp-json\/wp\/v2\/product_tag?post=15054"}],"curies":[{"name":"wp","href":"https:\/\/api.w.org\/{rel}","templated":true}]}}