{"id":140,"date":"2015-07-29T18:33:36","date_gmt":"2015-07-29T18:33:36","guid":{"rendered":"http:\/\/www.lagazza.ch\/?post_type=product&#038;p=140&#038;lang=de"},"modified":"2024-09-27T14:50:42","modified_gmt":"2024-09-27T12:50:42","slug":"pate-per-crostini-di-ortica","status":"publish","type":"product","link":"https:\/\/www.lagazza.ch\/fr\/haendlershop\/antipasti\/pate-per-crostini-di-ortica\/","title":{"rendered":"Pat\u00e8 per crostini di ortica"},"content":{"rendered":"<p>Une id\u00e9e in\u00e9dite de la Cascina San Giovanni : cette p\u00e2te \u00e0 tartiner associe le go\u00fbt de noisette de l'ortie aux c\u00e2pres. Affin\u00e9e avec des herbes fra\u00eeches, de l'ail et de l'huile d'olive, c'est un d\u00e9lice sur les crostini, les chiacchiere et les lingue.<\/p>","protected":false},"excerpt":{"rendered":"<p><strong>P\u00e2te \u00e0 tartiner \u00e0 l'ortie<\/strong><br \/>\nIngr\u00e9dients : Huile d'olive, ortie, c\u00e2pres, sel, ail, fines herbes.<\/p>","protected":false},"featured_media":9080,"template":"","meta":[],"product_brand":[],"product_cat":[486],"product_tag":[],"class_list":{"0":"post-140","1":"product","2":"type-product","3":"status-publish","4":"has-post-thumbnail","6":"product_cat-antipasti","7":"pa_ernaehrungsangaben-glutenfrei","8":"pa_ernaehrungsangaben-vegetarisch","9":"pa_marke-cascina-san-giovanni","10":"pa_saison-fruehling","12":"first","13":"instock","14":"taxable","15":"shipping-taxable","16":"product-type-simple"},"_links":{"self":[{"href":"https:\/\/www.lagazza.ch\/fr\/wp-json\/wp\/v2\/product\/140","targetHints":{"allow":["GET"]}}],"collection":[{"href":"https:\/\/www.lagazza.ch\/fr\/wp-json\/wp\/v2\/product"}],"about":[{"href":"https:\/\/www.lagazza.ch\/fr\/wp-json\/wp\/v2\/types\/product"}],"wp:featuredmedia":[{"embeddable":true,"href":"https:\/\/www.lagazza.ch\/fr\/wp-json\/wp\/v2\/media\/9080"}],"wp:attachment":[{"href":"https:\/\/www.lagazza.ch\/fr\/wp-json\/wp\/v2\/media?parent=140"}],"wp:term":[{"taxonomy":"product_brand","embeddable":true,"href":"https:\/\/www.lagazza.ch\/fr\/wp-json\/wp\/v2\/product_brand?post=140"},{"taxonomy":"product_cat","embeddable":true,"href":"https:\/\/www.lagazza.ch\/fr\/wp-json\/wp\/v2\/product_cat?post=140"},{"taxonomy":"product_tag","embeddable":true,"href":"https:\/\/www.lagazza.ch\/fr\/wp-json\/wp\/v2\/product_tag?post=140"}],"curies":[{"name":"wp","href":"https:\/\/api.w.org\/{rel}","templated":true}]}}