{"id":135,"date":"2015-07-29T18:18:38","date_gmt":"2015-07-29T18:18:38","guid":{"rendered":"http:\/\/www.lagazza.ch\/?post_type=product&#038;p=135&#038;lang=de"},"modified":"2026-04-02T10:28:45","modified_gmt":"2026-04-02T08:28:45","slug":"funghi-porcini-sott-olio-180-csg","status":"publish","type":"product","link":"https:\/\/www.lagazza.ch\/fr\/haendlershop\/antipasti\/funghi-porcini-sott-olio-180-csg\/","title":{"rendered":"Funghi porcini sott'olio"},"content":{"rendered":"<p>C\u00e8pes fra\u00eechement r\u00e9colt\u00e9s et coup\u00e9s, marin\u00e9s dans de l'huile d'olive avec des herbes. En Italie, c'est une entr\u00e9e exceptionnellement d\u00e9licate.<\/p>","protected":false},"excerpt":{"rendered":"<p><strong>C\u00e8pes \u00e0 l'huile d'olive<\/strong><br \/>\nIngr\u00e9dients : c\u00e8pes, huile d'olive, herbes aromatiques, sel.<\/p>","protected":false},"featured_media":7495,"template":"","meta":[],"product_brand":[],"product_cat":[486],"product_tag":[],"class_list":{"0":"post-135","1":"product","2":"type-product","3":"status-publish","4":"has-post-thumbnail","6":"product_cat-antipasti","7":"pa_ernaehrungsangaben-glutenfrei","8":"pa_ernaehrungsangaben-vegetarisch","9":"pa_ernaehrungsangaben-vegan","10":"pa_marke-cascina-san-giovanni","12":"first","13":"instock","14":"taxable","15":"shipping-taxable","16":"product-type-simple"},"_links":{"self":[{"href":"https:\/\/www.lagazza.ch\/fr\/wp-json\/wp\/v2\/product\/135","targetHints":{"allow":["GET"]}}],"collection":[{"href":"https:\/\/www.lagazza.ch\/fr\/wp-json\/wp\/v2\/product"}],"about":[{"href":"https:\/\/www.lagazza.ch\/fr\/wp-json\/wp\/v2\/types\/product"}],"wp:featuredmedia":[{"embeddable":true,"href":"https:\/\/www.lagazza.ch\/fr\/wp-json\/wp\/v2\/media\/7495"}],"wp:attachment":[{"href":"https:\/\/www.lagazza.ch\/fr\/wp-json\/wp\/v2\/media?parent=135"}],"wp:term":[{"taxonomy":"product_brand","embeddable":true,"href":"https:\/\/www.lagazza.ch\/fr\/wp-json\/wp\/v2\/product_brand?post=135"},{"taxonomy":"product_cat","embeddable":true,"href":"https:\/\/www.lagazza.ch\/fr\/wp-json\/wp\/v2\/product_cat?post=135"},{"taxonomy":"product_tag","embeddable":true,"href":"https:\/\/www.lagazza.ch\/fr\/wp-json\/wp\/v2\/product_tag?post=135"}],"curies":[{"name":"wp","href":"https:\/\/api.w.org\/{rel}","templated":true}]}}