{"id":132,"date":"2015-07-29T18:10:08","date_gmt":"2015-07-29T18:10:08","guid":{"rendered":"http:\/\/www.lagazza.ch\/?post_type=product&#038;p=132&#038;lang=de"},"modified":"2025-09-01T08:54:08","modified_gmt":"2025-09-01T06:54:08","slug":"peperoncini-con-olive-e-acciughe","status":"publish","type":"product","link":"https:\/\/www.lagazza.ch\/fr\/haendlershop\/antipasti\/peperoncini-con-olive-e-acciughe\/","title":{"rendered":"Peperoncini con olive e acciughe (piment et huile d'olive)"},"content":{"rendered":"<p>Poivrons pi\u00e9montais farcis de filets d'anchois et d'olives d\u00e9noyaut\u00e9es. Pour cette recette pi\u00e9montaise classique, on utilise une vari\u00e9t\u00e9 locale de poivrons, plus douce que les piments normaux. Aujourd'hui encore, les poivrons sont farcis \u00e0 la main avec une multitude d'ingr\u00e9dients et conserv\u00e9s dans de l'huile d'olive.<\/p>","protected":false},"excerpt":{"rendered":"<p><strong>Poivrons cerises aux olives et aux anchois<\/strong><br \/>\nIngr\u00e9dients : Poivrons cerises, huile d'olive extra vierge, olives, anchois, sel.<\/p>","protected":false},"featured_media":7493,"template":"","meta":[],"product_brand":[],"product_cat":[486],"product_tag":[],"class_list":{"0":"post-132","1":"product","2":"type-product","3":"status-publish","4":"has-post-thumbnail","6":"product_cat-antipasti","7":"pa_ernaehrungsangaben-glutenfrei","8":"pa_marke-cascina-san-giovanni","10":"first","11":"instock","12":"taxable","13":"shipping-taxable","14":"product-type-simple"},"_links":{"self":[{"href":"https:\/\/www.lagazza.ch\/fr\/wp-json\/wp\/v2\/product\/132","targetHints":{"allow":["GET"]}}],"collection":[{"href":"https:\/\/www.lagazza.ch\/fr\/wp-json\/wp\/v2\/product"}],"about":[{"href":"https:\/\/www.lagazza.ch\/fr\/wp-json\/wp\/v2\/types\/product"}],"wp:featuredmedia":[{"embeddable":true,"href":"https:\/\/www.lagazza.ch\/fr\/wp-json\/wp\/v2\/media\/7493"}],"wp:attachment":[{"href":"https:\/\/www.lagazza.ch\/fr\/wp-json\/wp\/v2\/media?parent=132"}],"wp:term":[{"taxonomy":"product_brand","embeddable":true,"href":"https:\/\/www.lagazza.ch\/fr\/wp-json\/wp\/v2\/product_brand?post=132"},{"taxonomy":"product_cat","embeddable":true,"href":"https:\/\/www.lagazza.ch\/fr\/wp-json\/wp\/v2\/product_cat?post=132"},{"taxonomy":"product_tag","embeddable":true,"href":"https:\/\/www.lagazza.ch\/fr\/wp-json\/wp\/v2\/product_tag?post=132"}],"curies":[{"name":"wp","href":"https:\/\/api.w.org\/{rel}","templated":true}]}}