{"id":129,"date":"2015-07-29T18:02:18","date_gmt":"2015-07-29T18:02:18","guid":{"rendered":"http:\/\/www.lagazza.ch\/?post_type=product&#038;p=129&#038;lang=de"},"modified":"2024-08-30T08:04:39","modified_gmt":"2024-08-30T08:04:39","slug":"cipolline-all-aceto-balsamico-di-modena-igp-1000-csg","status":"publish","type":"product","link":"https:\/\/www.lagazza.ch\/fr\/haendlershop\/antipasti\/cipolline-all-aceto-balsamico-di-modena-igp-1000-csg\/","title":{"rendered":"Cipolline all'\"Aceto Balsamico di Modena I.G.P.\""},"content":{"rendered":"<p>La \"Cipolla Borretana\" est une vari\u00e9t\u00e9 d'oignon pi\u00e9montaise locale qui conserve son mordant m\u00eame apr\u00e8s avoir \u00e9t\u00e9 mise en conserve. Le stockage dans du vinaigre balsamique fonc\u00e9 donne \u00e0 ce petit oignon croquant sa coloration caract\u00e9ristique et une note sp\u00e9ciale qui en fait le compagnon id\u00e9al du gibier ou des plats au fromage comme la raclette et la fondue.<\/p>","protected":false},"excerpt":{"rendered":"<p><strong>Oignons au vinaigre balsamique de Mod\u00e8ne IGP<\/strong><br \/>\nIngr\u00e9dients : Oignons, vinaigre balsamique de Mod\u00e8ne IGP, sucre, sel.<\/p>","protected":false},"featured_media":7459,"template":"","meta":[],"product_brand":[],"product_cat":[486],"product_tag":[],"class_list":{"0":"post-129","1":"product","2":"type-product","3":"status-publish","4":"has-post-thumbnail","6":"product_cat-antipasti","7":"pa_ernaehrungsangaben-glutenfrei","8":"pa_ernaehrungsangaben-vegetarisch","9":"pa_ernaehrungsangaben-vegan","10":"pa_marke-cascina-san-giovanni","12":"first","13":"instock","14":"taxable","15":"shipping-taxable","16":"product-type-simple"},"_links":{"self":[{"href":"https:\/\/www.lagazza.ch\/fr\/wp-json\/wp\/v2\/product\/129","targetHints":{"allow":["GET"]}}],"collection":[{"href":"https:\/\/www.lagazza.ch\/fr\/wp-json\/wp\/v2\/product"}],"about":[{"href":"https:\/\/www.lagazza.ch\/fr\/wp-json\/wp\/v2\/types\/product"}],"wp:featuredmedia":[{"embeddable":true,"href":"https:\/\/www.lagazza.ch\/fr\/wp-json\/wp\/v2\/media\/7459"}],"wp:attachment":[{"href":"https:\/\/www.lagazza.ch\/fr\/wp-json\/wp\/v2\/media?parent=129"}],"wp:term":[{"taxonomy":"product_brand","embeddable":true,"href":"https:\/\/www.lagazza.ch\/fr\/wp-json\/wp\/v2\/product_brand?post=129"},{"taxonomy":"product_cat","embeddable":true,"href":"https:\/\/www.lagazza.ch\/fr\/wp-json\/wp\/v2\/product_cat?post=129"},{"taxonomy":"product_tag","embeddable":true,"href":"https:\/\/www.lagazza.ch\/fr\/wp-json\/wp\/v2\/product_tag?post=129"}],"curies":[{"name":"wp","href":"https:\/\/api.w.org\/{rel}","templated":true}]}}