{"id":100,"date":"2015-07-28T19:34:18","date_gmt":"2015-07-28T19:34:18","guid":{"rendered":"http:\/\/www.lagazza.ch\/?post_type=product&#038;p=100&#038;lang=de"},"modified":"2026-03-16T13:50:52","modified_gmt":"2026-03-16T12:50:52","slug":"olio-extravergine-di-olivia-varieta-taggiasca-500-csg","status":"publish","type":"product","link":"https:\/\/www.lagazza.ch\/fr\/haendlershop\/olivenoele\/olio-extravergine-di-olivia-varieta-taggiasca-500-csg\/","title":{"rendered":"Olio extravergine di oliva variet\u00e0 Taggiasca"},"content":{"rendered":"<p>Toutes nos huiles d'olive sont de premi\u00e8re pression \u00e0 froid et ne sont produites qu'\u00e0 partir d'olives de premi\u00e8re qualit\u00e9 et de qualit\u00e9 irr\u00e9prochable. Les huiles proviennent de diff\u00e9rentes r\u00e9gions d'Italie et ont toutes des caract\u00e8res bien particuliers.<\/p>\n<p>La vari\u00e9t\u00e9 la plus r\u00e9pandue et la plus repr\u00e9sentative de la production d'olives en Ligurie est la vari\u00e9t\u00e9 Taggiasca. Cette vari\u00e9t\u00e9 d'olive permet d'obtenir une huile d'olive \u00e0 l'acidit\u00e9 faible et au go\u00fbt d\u00e9licat.<\/p>","protected":false},"excerpt":{"rendered":"<p><strong>Natives Oliven\u00f6l extra der Sorte Taggiasca<\/strong><br \/>\nExtraction \u00e0 froid, premi\u00e8re cat\u00e9gorie de qualit\u00e9, obtenue directement des olives exclusivement par des proc\u00e9d\u00e9s m\u00e9caniques.<\/p>","protected":false},"featured_media":16418,"template":"","meta":[],"product_brand":[],"product_cat":[728],"product_tag":[],"class_list":{"0":"post-100","1":"product","2":"type-product","3":"status-publish","4":"has-post-thumbnail","6":"product_cat-olivenoele","7":"pa_ernaehrungsangaben-glutenfrei","8":"pa_ernaehrungsangaben-vegetarisch","9":"pa_ernaehrungsangaben-vegan","10":"pa_marke-cascina-san-giovanni","12":"first","13":"instock","14":"taxable","15":"shipping-taxable","16":"product-type-simple"},"_links":{"self":[{"href":"https:\/\/www.lagazza.ch\/fr\/wp-json\/wp\/v2\/product\/100","targetHints":{"allow":["GET"]}}],"collection":[{"href":"https:\/\/www.lagazza.ch\/fr\/wp-json\/wp\/v2\/product"}],"about":[{"href":"https:\/\/www.lagazza.ch\/fr\/wp-json\/wp\/v2\/types\/product"}],"wp:featuredmedia":[{"embeddable":true,"href":"https:\/\/www.lagazza.ch\/fr\/wp-json\/wp\/v2\/media\/16418"}],"wp:attachment":[{"href":"https:\/\/www.lagazza.ch\/fr\/wp-json\/wp\/v2\/media?parent=100"}],"wp:term":[{"taxonomy":"product_brand","embeddable":true,"href":"https:\/\/www.lagazza.ch\/fr\/wp-json\/wp\/v2\/product_brand?post=100"},{"taxonomy":"product_cat","embeddable":true,"href":"https:\/\/www.lagazza.ch\/fr\/wp-json\/wp\/v2\/product_cat?post=100"},{"taxonomy":"product_tag","embeddable":true,"href":"https:\/\/www.lagazza.ch\/fr\/wp-json\/wp\/v2\/product_tag?post=100"}],"curies":[{"name":"wp","href":"https:\/\/api.w.org\/{rel}","templated":true}]}}